{"id":9775,"date":"2023-06-30T09:09:08","date_gmt":"2023-06-30T07:09:08","guid":{"rendered":"https:\/\/lunaribes.ch\/?post_type=product&#038;p=9775"},"modified":"2025-11-03T15:30:59","modified_gmt":"2025-11-03T14:30:59","slug":"bracelet-de-perles-en-turquoise","status":"publish","type":"product","link":"https:\/\/lunaribes.ch\/en\/produit\/bracelet-de-perles-en-turquoise\/","title":{"rendered":"Bracelet de perles en turquoise"},"content":{"rendered":"<p class=\"LC20lb MBeuO DKV0Md\">Fermoir en acier inoxydable.<br \/>\nPerles en turquoise.<\/p>\n<p><strong>Vertus de la turquoise<br \/>\n<\/strong>La turquoise est souvent associ\u00e9e \u00e0 des vertus de protection, d\u2019\u00e9quilibre \u00e9motionnel, de communication, de gu\u00e9rison physique, ainsi que de bonheur et de chance.<\/p>\n","protected":false},"excerpt":{"rendered":"[bijou]\n","protected":false},"featured_media":9767,"comment_status":"closed","ping_status":"closed","template":"","meta":[],"product_brand":[],"product_cat":[94,95],"product_tag":[],"class_list":{"0":"post-9775","1":"product","2":"type-product","3":"status-publish","4":"has-post-thumbnail","6":"product_cat-bijoux","7":"product_cat-bracelets","9":"first","10":"outofstock","11":"sold-individually","12":"taxable","13":"shipping-taxable","14":"purchasable","15":"product-type-simple"},"_links":{"self":[{"href":"https:\/\/lunaribes.ch\/en\/wp-json\/wp\/v2\/product\/9775","targetHints":{"allow":["GET"]}}],"collection":[{"href":"https:\/\/lunaribes.ch\/en\/wp-json\/wp\/v2\/product"}],"about":[{"href":"https:\/\/lunaribes.ch\/en\/wp-json\/wp\/v2\/types\/product"}],"replies":[{"embeddable":true,"href":"https:\/\/lunaribes.ch\/en\/wp-json\/wp\/v2\/comments?post=9775"}],"wp:featuredmedia":[{"embeddable":true,"href":"https:\/\/lunaribes.ch\/en\/wp-json\/wp\/v2\/media\/9767"}],"wp:attachment":[{"href":"https:\/\/lunaribes.ch\/en\/wp-json\/wp\/v2\/media?parent=9775"}],"wp:term":[{"taxonomy":"product_brand","embeddable":true,"href":"https:\/\/lunaribes.ch\/en\/wp-json\/wp\/v2\/product_brand?post=9775"},{"taxonomy":"product_cat","embeddable":true,"href":"https:\/\/lunaribes.ch\/en\/wp-json\/wp\/v2\/product_cat?post=9775"},{"taxonomy":"product_tag","embeddable":true,"href":"https:\/\/lunaribes.ch\/en\/wp-json\/wp\/v2\/product_tag?post=9775"}],"curies":[{"name":"wp","href":"https:\/\/api.w.org\/{rel}","templated":true}]}}