{"id":9693,"date":"2023-06-28T14:20:05","date_gmt":"2023-06-28T12:20:05","guid":{"rendered":"https:\/\/lunaribes.ch\/?post_type=product&#038;p=9693"},"modified":"2025-11-03T15:32:16","modified_gmt":"2025-11-03T14:32:16","slug":"bracelet-de-perles-en-pierre-de-lune","status":"publish","type":"product","link":"https:\/\/lunaribes.ch\/en\/produit\/bracelet-de-perles-en-pierre-de-lune\/","title":{"rendered":"Bracelet de perles en pierre de lune"},"content":{"rendered":"<p class=\"LC20lb MBeuO DKV0Md\">Fermoir en acier inoxydable.<br \/>\nPerles en pierre de lune.<\/p>\n<p><strong>Vertus de la pierre de lune<br \/>\n<\/strong>La pierre de lune est souvent associ\u00e9e \u00e0 des vertus telles que l\u2019\u00e9quilibre \u00e9motionnel, l\u2019intuition, l\u2019\u00e9nergie f\u00e9minine, le sommeil et les r\u00eaves, ainsi que la protection et la chance.<\/p>\n","protected":false},"excerpt":{"rendered":"[bijou]\n","protected":false},"featured_media":9694,"comment_status":"closed","ping_status":"closed","template":"","meta":[],"product_brand":[],"product_cat":[94,95],"product_tag":[],"class_list":{"0":"post-9693","1":"product","2":"type-product","3":"status-publish","4":"has-post-thumbnail","6":"product_cat-bijoux","7":"product_cat-bracelets","9":"first","10":"outofstock","11":"sold-individually","12":"taxable","13":"shipping-taxable","14":"purchasable","15":"product-type-simple"},"_links":{"self":[{"href":"https:\/\/lunaribes.ch\/en\/wp-json\/wp\/v2\/product\/9693","targetHints":{"allow":["GET"]}}],"collection":[{"href":"https:\/\/lunaribes.ch\/en\/wp-json\/wp\/v2\/product"}],"about":[{"href":"https:\/\/lunaribes.ch\/en\/wp-json\/wp\/v2\/types\/product"}],"replies":[{"embeddable":true,"href":"https:\/\/lunaribes.ch\/en\/wp-json\/wp\/v2\/comments?post=9693"}],"wp:featuredmedia":[{"embeddable":true,"href":"https:\/\/lunaribes.ch\/en\/wp-json\/wp\/v2\/media\/9694"}],"wp:attachment":[{"href":"https:\/\/lunaribes.ch\/en\/wp-json\/wp\/v2\/media?parent=9693"}],"wp:term":[{"taxonomy":"product_brand","embeddable":true,"href":"https:\/\/lunaribes.ch\/en\/wp-json\/wp\/v2\/product_brand?post=9693"},{"taxonomy":"product_cat","embeddable":true,"href":"https:\/\/lunaribes.ch\/en\/wp-json\/wp\/v2\/product_cat?post=9693"},{"taxonomy":"product_tag","embeddable":true,"href":"https:\/\/lunaribes.ch\/en\/wp-json\/wp\/v2\/product_tag?post=9693"}],"curies":[{"name":"wp","href":"https:\/\/api.w.org\/{rel}","templated":true}]}}