{"id":6056,"date":"2021-12-01T14:15:11","date_gmt":"2021-12-01T13:15:11","guid":{"rendered":"https:\/\/lunaribes.ch\/?post_type=product&#038;p=6056"},"modified":"2024-04-12T16:16:00","modified_gmt":"2024-04-12T14:16:00","slug":"diffuseur-apres-ski","status":"publish","type":"product","link":"https:\/\/lunaribes.ch\/en\/produit\/diffuseur-apres-ski\/","title":{"rendered":"Diffuseur L&#8217;Apr\u00e8s-Ski (Orange, Cannelle)"},"content":{"rendered":"","protected":false},"excerpt":{"rendered":"<style>\ntable tbody td, table thead th, body table.compare-list th {border-color: white;}<br \/>\ntable {margin-top:-25px !important;margin-bottom:5px !important;}<br \/>\n<\/style>\n<table style=\"background-color: #ffffff !important;\">\n<tbody>\n<tr>\n<td style=\"padding: 0px 10px 0px 10px;\" align=\"center\"><img decoding=\"async\" class=\"alignnone size-medium wp-image-9459\" role=\"img\" src=\"https:\/\/lunaribes.ch\/wp-content\/uploads\/2023\/01\/icone_DesignSuisse.svg\" alt=\"\" width=\"80\" height=\"80\" \/><\/td>\n<td style=\"padding: 0px 10px 0px 10px;\" align=\"center\"><img decoding=\"async\" class=\"alignnone size-medium wp-image-9461\" role=\"img\" src=\"https:\/\/lunaribes.ch\/wp-content\/uploads\/2023\/01\/icone_FaitMain.svg\" alt=\"\" width=\"80\" height=\"80\" \/><\/td>\n<td style=\"padding: 0px 10px 0px 10px;\" align=\"center\"><img decoding=\"async\" class=\"alignnone size-medium wp-image-9455\" role=\"img\" src=\"https:\/\/lunaribes.ch\/wp-content\/uploads\/2023\/01\/icone_Circuitcourt.svg\" alt=\"\" width=\"80\" height=\"80\" \/><\/td>\n<\/tr>\n<tr>\n<td style=\"color: black; font-size: 0.8em; padding: 0px;\" align=\"center\">Design suisse<\/td>\n<td style=\"color: black; font-size: 0.8em; padding: 0px;\" align=\"center\">Fait main<\/td>\n<td style=\"color: black; font-size: 0.8em; padding: 0px;\" align=\"center\">Circuit court<\/td>\n<\/tr>\n<\/tbody>\n<\/table>\n<p>&nbsp;<\/p>\n<p class=\"p1\">Une journ\u00e9e de folie! La neige \u00e9tait bonne et le soleil au rendez-vous. Mes amis sont d\u00e9j\u00e0 devant ma porte, l\u2019ap\u00e9ritif est au frais, je vais pr\u00e9parer un bon th\u00e9 est chaud \u00e0 la cannelle et \u00e0 l\u2019orange. J\u2019allume des bougies pour l\u2019ambiance, la soir\u00e9e va commencer t\u00f4t aujourd\u2019hui\u2009!<\/p>\n","protected":false},"featured_media":6057,"comment_status":"closed","ping_status":"closed","template":"","meta":[],"product_brand":[],"product_cat":[144,146],"product_tag":[],"class_list":{"0":"post-6056","1":"product","2":"type-product","3":"status-publish","4":"has-post-thumbnail","6":"product_cat-diffuseurs","7":"product_cat-maison","9":"first","10":"outofstock","11":"taxable","12":"shipping-taxable","13":"purchasable","14":"product-type-simple"},"_links":{"self":[{"href":"https:\/\/lunaribes.ch\/en\/wp-json\/wp\/v2\/product\/6056","targetHints":{"allow":["GET"]}}],"collection":[{"href":"https:\/\/lunaribes.ch\/en\/wp-json\/wp\/v2\/product"}],"about":[{"href":"https:\/\/lunaribes.ch\/en\/wp-json\/wp\/v2\/types\/product"}],"replies":[{"embeddable":true,"href":"https:\/\/lunaribes.ch\/en\/wp-json\/wp\/v2\/comments?post=6056"}],"wp:featuredmedia":[{"embeddable":true,"href":"https:\/\/lunaribes.ch\/en\/wp-json\/wp\/v2\/media\/6057"}],"wp:attachment":[{"href":"https:\/\/lunaribes.ch\/en\/wp-json\/wp\/v2\/media?parent=6056"}],"wp:term":[{"taxonomy":"product_brand","embeddable":true,"href":"https:\/\/lunaribes.ch\/en\/wp-json\/wp\/v2\/product_brand?post=6056"},{"taxonomy":"product_cat","embeddable":true,"href":"https:\/\/lunaribes.ch\/en\/wp-json\/wp\/v2\/product_cat?post=6056"},{"taxonomy":"product_tag","embeddable":true,"href":"https:\/\/lunaribes.ch\/en\/wp-json\/wp\/v2\/product_tag?post=6056"}],"curies":[{"name":"wp","href":"https:\/\/api.w.org\/{rel}","templated":true}]}}