{"id":6050,"date":"2021-12-01T12:53:49","date_gmt":"2021-12-01T11:53:49","guid":{"rendered":"https:\/\/lunaribes.ch\/?post_type=product&#038;p=6050"},"modified":"2025-05-20T13:04:38","modified_gmt":"2025-05-20T11:04:38","slug":"diffuseur-the-blanc","status":"publish","type":"product","link":"https:\/\/lunaribes.ch\/en\/produit\/diffuseur-the-blanc\/","title":{"rendered":"Diffuseur Th\u00e9 Blanc"},"content":{"rendered":"","protected":false},"excerpt":{"rendered":"<style>\ntable tbody td, table thead th, body table.compare-list th {border-color: white;}<br \/>\ntable {margin-top:-25px !important;margin-bottom:5px !important;}<br \/>\n<\/style>\n<table style=\"background-color: #ffffff !important;\">\n<tbody>\n<tr>\n<td style=\"padding: 0px 10px 0px 10px;\" align=\"center\"><img decoding=\"async\" class=\"alignnone size-medium wp-image-9459\" role=\"img\" src=\"https:\/\/lunaribes.ch\/wp-content\/uploads\/2023\/01\/icone_DesignSuisse.svg\" alt=\"\" width=\"80\" height=\"80\" \/><\/td>\n<td style=\"padding: 0px 10px 0px 10px;\" align=\"center\"><img decoding=\"async\" class=\"alignnone size-medium wp-image-9461\" role=\"img\" src=\"https:\/\/lunaribes.ch\/wp-content\/uploads\/2023\/01\/icone_FaitMain.svg\" alt=\"\" width=\"80\" height=\"80\" \/><\/td>\n<td style=\"padding: 0px 10px 0px 10px;\" align=\"center\"><img decoding=\"async\" class=\"alignnone size-medium wp-image-9455\" role=\"img\" src=\"https:\/\/lunaribes.ch\/wp-content\/uploads\/2023\/01\/icone_Circuitcourt.svg\" alt=\"\" width=\"80\" height=\"80\" \/><\/td>\n<\/tr>\n<tr>\n<td style=\"color: black; font-size: 0.8em; padding: 0px;\" align=\"center\">Design suisse<\/td>\n<td style=\"color: black; font-size: 0.8em; padding: 0px;\" align=\"center\">Fait main<\/td>\n<td style=\"color: black; font-size: 0.8em; padding: 0px;\" align=\"center\">Circuit court<\/td>\n<\/tr>\n<\/tbody>\n<\/table>\n<p>&nbsp;<\/p>\n<p class=\"p1\"><span class=\"s1\">Dans ce r\u00eave parfum\u00e9, j\u2019observe avec tendresse deux ours blancs, j\u2019admire d\u2019\u00e9l\u00e9gants pingouins et je suis surprise par l\u2019apparition magique d\u2019une baleine. Je rentre au village \u00e9merveill\u00e9e, entour\u00e9e de mes meilleurs amis et buvons ensemble un d\u00e9licieux th\u00e9 blanc qui r\u00e9chauffe nos c\u0153urs.<\/span><\/p>\n","protected":false},"featured_media":6051,"comment_status":"closed","ping_status":"closed","template":"","meta":[],"product_brand":[],"product_cat":[144,146],"product_tag":[],"class_list":{"0":"post-6050","1":"product","2":"type-product","3":"status-publish","4":"has-post-thumbnail","6":"product_cat-diffuseurs","7":"product_cat-maison","9":"first","10":"instock","11":"taxable","12":"shipping-taxable","13":"purchasable","14":"product-type-simple"},"_links":{"self":[{"href":"https:\/\/lunaribes.ch\/en\/wp-json\/wp\/v2\/product\/6050","targetHints":{"allow":["GET"]}}],"collection":[{"href":"https:\/\/lunaribes.ch\/en\/wp-json\/wp\/v2\/product"}],"about":[{"href":"https:\/\/lunaribes.ch\/en\/wp-json\/wp\/v2\/types\/product"}],"replies":[{"embeddable":true,"href":"https:\/\/lunaribes.ch\/en\/wp-json\/wp\/v2\/comments?post=6050"}],"wp:featuredmedia":[{"embeddable":true,"href":"https:\/\/lunaribes.ch\/en\/wp-json\/wp\/v2\/media\/6051"}],"wp:attachment":[{"href":"https:\/\/lunaribes.ch\/en\/wp-json\/wp\/v2\/media?parent=6050"}],"wp:term":[{"taxonomy":"product_brand","embeddable":true,"href":"https:\/\/lunaribes.ch\/en\/wp-json\/wp\/v2\/product_brand?post=6050"},{"taxonomy":"product_cat","embeddable":true,"href":"https:\/\/lunaribes.ch\/en\/wp-json\/wp\/v2\/product_cat?post=6050"},{"taxonomy":"product_tag","embeddable":true,"href":"https:\/\/lunaribes.ch\/en\/wp-json\/wp\/v2\/product_tag?post=6050"}],"curies":[{"name":"wp","href":"https:\/\/api.w.org\/{rel}","templated":true}]}}