{"id":4087,"date":"2020-11-24T11:35:08","date_gmt":"2020-11-24T10:35:08","guid":{"rendered":"https:\/\/lunaribes.ch\/?post_type=product&#038;p=4087"},"modified":"2026-01-20T14:25:47","modified_gmt":"2026-01-20T13:25:47","slug":"voile-indonesiebleu","status":"publish","type":"product","link":"https:\/\/lunaribes.ch\/en\/produit\/voile-indonesiebleu\/","title":{"rendered":"Foulard Indon\u00e9sie (Bleu) | Voile de soie"},"content":{"rendered":"","protected":false},"excerpt":{"rendered":"<p>Une inspiration tir\u00e9e des \u00eeles et de son eau extraordinaire.<br \/>\nDes motifs inspir\u00e9s des sarongs et de la v\u00e9g\u00e9tation extraordinaire de ces \u00eeles. Des fleurs avec des fragrances exceptionnelles qui parfument ce lieu hors du temps!<br \/>\nUn foulard avec des couleurs fra\u00eeches et \u00e9l\u00e9gantes.<br \/>\n[foulard]<\/p>\n","protected":false},"featured_media":4055,"comment_status":"closed","ping_status":"closed","template":"","meta":[],"product_brand":[],"product_cat":[79,102],"product_tag":[],"class_list":{"0":"post-4087","1":"product","2":"type-product","3":"status-publish","4":"has-post-thumbnail","6":"product_cat-foulards","7":"product_cat-voile-de-soie","9":"first","10":"outofstock","11":"taxable","12":"shipping-taxable","13":"purchasable","14":"product-type-simple"},"_links":{"self":[{"href":"https:\/\/lunaribes.ch\/en\/wp-json\/wp\/v2\/product\/4087","targetHints":{"allow":["GET"]}}],"collection":[{"href":"https:\/\/lunaribes.ch\/en\/wp-json\/wp\/v2\/product"}],"about":[{"href":"https:\/\/lunaribes.ch\/en\/wp-json\/wp\/v2\/types\/product"}],"replies":[{"embeddable":true,"href":"https:\/\/lunaribes.ch\/en\/wp-json\/wp\/v2\/comments?post=4087"}],"wp:featuredmedia":[{"embeddable":true,"href":"https:\/\/lunaribes.ch\/en\/wp-json\/wp\/v2\/media\/4055"}],"wp:attachment":[{"href":"https:\/\/lunaribes.ch\/en\/wp-json\/wp\/v2\/media?parent=4087"}],"wp:term":[{"taxonomy":"product_brand","embeddable":true,"href":"https:\/\/lunaribes.ch\/en\/wp-json\/wp\/v2\/product_brand?post=4087"},{"taxonomy":"product_cat","embeddable":true,"href":"https:\/\/lunaribes.ch\/en\/wp-json\/wp\/v2\/product_cat?post=4087"},{"taxonomy":"product_tag","embeddable":true,"href":"https:\/\/lunaribes.ch\/en\/wp-json\/wp\/v2\/product_tag?post=4087"}],"curies":[{"name":"wp","href":"https:\/\/api.w.org\/{rel}","templated":true}]}}