{"id":4086,"date":"2020-11-24T11:35:08","date_gmt":"2020-11-24T10:35:08","guid":{"rendered":"https:\/\/lunaribes.ch\/?post_type=product&#038;p=4086"},"modified":"2024-11-22T08:12:10","modified_gmt":"2024-11-22T07:12:10","slug":"voile-bolivie","status":"publish","type":"product","link":"https:\/\/lunaribes.ch\/en\/produit\/voile-bolivie\/","title":{"rendered":"Foulard Bolivie | Voile de soie"},"content":{"rendered":"","protected":false},"excerpt":{"rendered":"<p class=\"p1\">Un foulard \u00e9l\u00e9gant et riche en couleur, avec des femmes est leurs v\u00eatements traditionnels, des motifs de v\u00eatements typiques inspir\u00e9s des broderies et du tissage. Le mot AMOR au centre car c&#8217;est \u00e7a qui nous rassemble tous. Une bordure de coeur pour les personnes qui ont un grand coeur.<\/p>\n[foulard]\n","protected":false},"featured_media":4050,"comment_status":"closed","ping_status":"closed","template":"","meta":[],"product_brand":[],"product_cat":[79,102],"product_tag":[],"class_list":{"0":"post-4086","1":"product","2":"type-product","3":"status-publish","4":"has-post-thumbnail","6":"product_cat-foulards","7":"product_cat-voile-de-soie","9":"first","10":"instock","11":"taxable","12":"shipping-taxable","13":"purchasable","14":"product-type-simple"},"_links":{"self":[{"href":"https:\/\/lunaribes.ch\/en\/wp-json\/wp\/v2\/product\/4086","targetHints":{"allow":["GET"]}}],"collection":[{"href":"https:\/\/lunaribes.ch\/en\/wp-json\/wp\/v2\/product"}],"about":[{"href":"https:\/\/lunaribes.ch\/en\/wp-json\/wp\/v2\/types\/product"}],"replies":[{"embeddable":true,"href":"https:\/\/lunaribes.ch\/en\/wp-json\/wp\/v2\/comments?post=4086"}],"wp:featuredmedia":[{"embeddable":true,"href":"https:\/\/lunaribes.ch\/en\/wp-json\/wp\/v2\/media\/4050"}],"wp:attachment":[{"href":"https:\/\/lunaribes.ch\/en\/wp-json\/wp\/v2\/media?parent=4086"}],"wp:term":[{"taxonomy":"product_brand","embeddable":true,"href":"https:\/\/lunaribes.ch\/en\/wp-json\/wp\/v2\/product_brand?post=4086"},{"taxonomy":"product_cat","embeddable":true,"href":"https:\/\/lunaribes.ch\/en\/wp-json\/wp\/v2\/product_cat?post=4086"},{"taxonomy":"product_tag","embeddable":true,"href":"https:\/\/lunaribes.ch\/en\/wp-json\/wp\/v2\/product_tag?post=4086"}],"curies":[{"name":"wp","href":"https:\/\/api.w.org\/{rel}","templated":true}]}}