{"id":4076,"date":"2020-11-24T10:50:42","date_gmt":"2020-11-24T09:50:42","guid":{"rendered":"https:\/\/lunaribes.ch\/?post_type=product&#038;p=4076"},"modified":"2024-11-22T08:21:46","modified_gmt":"2024-11-22T07:21:46","slug":"cachemire-tanzanie","status":"publish","type":"product","link":"https:\/\/lunaribes.ch\/en\/produit\/cachemire-tanzanie\/","title":{"rendered":"Foulard Tanzanie | Cachemire"},"content":{"rendered":"","protected":false},"excerpt":{"rendered":"<p class=\"p1\">Ce foulards repr\u00e9sente la Tanzanie avec un grand portrait de femme avec un maquillage traditionnel et un grand collier de perles.<br \/>\nDes hommes avec leur bouclier et des lances. Un l\u00e9opard, des \u00e9l\u00e9phants et un coeur au centre.<br \/>\nDes motifs inspir\u00e9s des v\u00eatements traditionnels.<\/p>\n<p class=\"p1\">Un foulard facile \u00e0 porter en toutes circonstances et qui peut vous accompagner tout au long de l\u2019ann\u00e9e.<\/p>\n[foulard]\n","protected":false},"featured_media":4065,"comment_status":"closed","ping_status":"closed","template":"","meta":[],"product_brand":[],"product_cat":[82,79],"product_tag":[105],"class_list":{"0":"post-4076","1":"product","2":"type-product","3":"status-publish","4":"has-post-thumbnail","6":"product_cat-cachemire","7":"product_cat-foulards","8":"product_tag-tanzanie","10":"first","11":"instock","12":"taxable","13":"shipping-taxable","14":"purchasable","15":"product-type-simple"},"_links":{"self":[{"href":"https:\/\/lunaribes.ch\/en\/wp-json\/wp\/v2\/product\/4076","targetHints":{"allow":["GET"]}}],"collection":[{"href":"https:\/\/lunaribes.ch\/en\/wp-json\/wp\/v2\/product"}],"about":[{"href":"https:\/\/lunaribes.ch\/en\/wp-json\/wp\/v2\/types\/product"}],"replies":[{"embeddable":true,"href":"https:\/\/lunaribes.ch\/en\/wp-json\/wp\/v2\/comments?post=4076"}],"wp:featuredmedia":[{"embeddable":true,"href":"https:\/\/lunaribes.ch\/en\/wp-json\/wp\/v2\/media\/4065"}],"wp:attachment":[{"href":"https:\/\/lunaribes.ch\/en\/wp-json\/wp\/v2\/media?parent=4076"}],"wp:term":[{"taxonomy":"product_brand","embeddable":true,"href":"https:\/\/lunaribes.ch\/en\/wp-json\/wp\/v2\/product_brand?post=4076"},{"taxonomy":"product_cat","embeddable":true,"href":"https:\/\/lunaribes.ch\/en\/wp-json\/wp\/v2\/product_cat?post=4076"},{"taxonomy":"product_tag","embeddable":true,"href":"https:\/\/lunaribes.ch\/en\/wp-json\/wp\/v2\/product_tag?post=4076"}],"curies":[{"name":"wp","href":"https:\/\/api.w.org\/{rel}","templated":true}]}}