{"id":4075,"date":"2020-11-24T10:50:42","date_gmt":"2020-11-24T09:50:42","guid":{"rendered":"https:\/\/lunaribes.ch\/?post_type=product&#038;p=4075"},"modified":"2024-06-24T17:16:30","modified_gmt":"2024-06-24T15:16:30","slug":"cachemire-indonesiebleu","status":"publish","type":"product","link":"https:\/\/lunaribes.ch\/en\/produit\/cachemire-indonesiebleu\/","title":{"rendered":"Foulard Indon\u00e9sie (Bleu) | Cachemire"},"content":{"rendered":"","protected":false},"excerpt":{"rendered":"<p class=\"p1\">Une inspiration tir\u00e9e des \u00eeles et de son eau extraordinaire.<br \/>\nDes motifs inspir\u00e9s des sarongs et de la v\u00e9g\u00e9tation extraordinaire de ces \u00eeles. Des fleurs avec des fragrances exceptionnelles qui parfument ce lieu hors du temps!<br \/>\nUn foulard avec des couleurs fra\u00eeches et \u00e9l\u00e9gantes.<\/p>\n[foulard]\n","protected":false},"featured_media":4056,"comment_status":"closed","ping_status":"closed","template":"","meta":[],"product_brand":[],"product_cat":[82,79],"product_tag":[108],"class_list":{"0":"post-4075","1":"product","2":"type-product","3":"status-publish","4":"has-post-thumbnail","6":"product_cat-cachemire","7":"product_cat-foulards","8":"product_tag-indonesie","10":"first","11":"outofstock","12":"taxable","13":"shipping-taxable","14":"purchasable","15":"product-type-simple"},"_links":{"self":[{"href":"https:\/\/lunaribes.ch\/en\/wp-json\/wp\/v2\/product\/4075","targetHints":{"allow":["GET"]}}],"collection":[{"href":"https:\/\/lunaribes.ch\/en\/wp-json\/wp\/v2\/product"}],"about":[{"href":"https:\/\/lunaribes.ch\/en\/wp-json\/wp\/v2\/types\/product"}],"replies":[{"embeddable":true,"href":"https:\/\/lunaribes.ch\/en\/wp-json\/wp\/v2\/comments?post=4075"}],"wp:featuredmedia":[{"embeddable":true,"href":"https:\/\/lunaribes.ch\/en\/wp-json\/wp\/v2\/media\/4056"}],"wp:attachment":[{"href":"https:\/\/lunaribes.ch\/en\/wp-json\/wp\/v2\/media?parent=4075"}],"wp:term":[{"taxonomy":"product_brand","embeddable":true,"href":"https:\/\/lunaribes.ch\/en\/wp-json\/wp\/v2\/product_brand?post=4075"},{"taxonomy":"product_cat","embeddable":true,"href":"https:\/\/lunaribes.ch\/en\/wp-json\/wp\/v2\/product_cat?post=4075"},{"taxonomy":"product_tag","embeddable":true,"href":"https:\/\/lunaribes.ch\/en\/wp-json\/wp\/v2\/product_tag?post=4075"}],"curies":[{"name":"wp","href":"https:\/\/api.w.org\/{rel}","templated":true}]}}