{"id":4074,"date":"2020-11-24T10:50:42","date_gmt":"2020-11-24T09:50:42","guid":{"rendered":"https:\/\/lunaribes.ch\/?post_type=product&#038;p=4074"},"modified":"2024-06-24T17:14:03","modified_gmt":"2024-06-24T15:14:03","slug":"cachemire-egypte","status":"publish","type":"product","link":"https:\/\/lunaribes.ch\/en\/produit\/cachemire-egypte\/","title":{"rendered":"Foulard Egypte | Cachemire"},"content":{"rendered":"","protected":false},"excerpt":{"rendered":"<p>La couleur du d\u00e9sert, du sable, avec des illustrations qui font penser \u00e0 un carnet de voyage.<br \/>\nOn y retrouve les pyramides, des chats, des motifs inspir\u00e9s des peintures \u00e9gyptiennes et des hi\u00e9roglyphes. On y voit des scarab\u00e9es qui portent chance et des motifs inspir\u00e9s du Nil.<br \/>\nUn foulard avec des couleurs douces qui vous rendra belle est \u00e9l\u00e9gante.<br \/>\n[foulard]<\/p>\n","protected":false},"featured_media":4053,"comment_status":"closed","ping_status":"closed","template":"","meta":[],"product_brand":[],"product_cat":[82,79],"product_tag":[106],"class_list":{"0":"post-4074","1":"product","2":"type-product","3":"status-publish","4":"has-post-thumbnail","6":"product_cat-cachemire","7":"product_cat-foulards","8":"product_tag-egypte","10":"first","11":"outofstock","12":"taxable","13":"shipping-taxable","14":"purchasable","15":"product-type-simple"},"_links":{"self":[{"href":"https:\/\/lunaribes.ch\/en\/wp-json\/wp\/v2\/product\/4074","targetHints":{"allow":["GET"]}}],"collection":[{"href":"https:\/\/lunaribes.ch\/en\/wp-json\/wp\/v2\/product"}],"about":[{"href":"https:\/\/lunaribes.ch\/en\/wp-json\/wp\/v2\/types\/product"}],"replies":[{"embeddable":true,"href":"https:\/\/lunaribes.ch\/en\/wp-json\/wp\/v2\/comments?post=4074"}],"wp:featuredmedia":[{"embeddable":true,"href":"https:\/\/lunaribes.ch\/en\/wp-json\/wp\/v2\/media\/4053"}],"wp:attachment":[{"href":"https:\/\/lunaribes.ch\/en\/wp-json\/wp\/v2\/media?parent=4074"}],"wp:term":[{"taxonomy":"product_brand","embeddable":true,"href":"https:\/\/lunaribes.ch\/en\/wp-json\/wp\/v2\/product_brand?post=4074"},{"taxonomy":"product_cat","embeddable":true,"href":"https:\/\/lunaribes.ch\/en\/wp-json\/wp\/v2\/product_cat?post=4074"},{"taxonomy":"product_tag","embeddable":true,"href":"https:\/\/lunaribes.ch\/en\/wp-json\/wp\/v2\/product_tag?post=4074"}],"curies":[{"name":"wp","href":"https:\/\/api.w.org\/{rel}","templated":true}]}}