{"id":3967,"date":"2020-10-28T16:37:42","date_gmt":"2020-10-28T15:37:42","guid":{"rendered":"https:\/\/lunaribes.ch\/product\/import-placeholder-for-373\/"},"modified":"2025-02-20T10:53:18","modified_gmt":"2025-02-20T09:53:18","slug":"petites-fleurs-rouge","status":"publish","type":"product","link":"https:\/\/lunaribes.ch\/en\/produit\/petites-fleurs-rouge\/","title":{"rendered":"Boucles d&#8217;oreilles Petites Fleurs Rouge"},"content":{"rendered":"","protected":false},"excerpt":{"rendered":"<p>C&#8217;est un bijou facile \u00e0 porter tous les jours ou pour une soir\u00e9e. Les perles donnent un c\u00f4t\u00e9 tr\u00e8s f\u00e9minin.<br \/>\nPeintes \u00e0 la main.<br \/>\n[bijou]<\/p>\n","protected":false},"featured_media":5614,"comment_status":"closed","ping_status":"closed","template":"","meta":[],"product_brand":[],"product_cat":[94,103],"product_tag":[],"class_list":{"0":"post-3967","1":"product","2":"type-product","3":"status-publish","4":"has-post-thumbnail","6":"product_cat-bijoux","7":"product_cat-boucles-doreilles","9":"first","10":"instock","11":"sold-individually","12":"taxable","13":"shipping-taxable","14":"purchasable","15":"product-type-simple"},"_links":{"self":[{"href":"https:\/\/lunaribes.ch\/en\/wp-json\/wp\/v2\/product\/3967","targetHints":{"allow":["GET"]}}],"collection":[{"href":"https:\/\/lunaribes.ch\/en\/wp-json\/wp\/v2\/product"}],"about":[{"href":"https:\/\/lunaribes.ch\/en\/wp-json\/wp\/v2\/types\/product"}],"replies":[{"embeddable":true,"href":"https:\/\/lunaribes.ch\/en\/wp-json\/wp\/v2\/comments?post=3967"}],"wp:featuredmedia":[{"embeddable":true,"href":"https:\/\/lunaribes.ch\/en\/wp-json\/wp\/v2\/media\/5614"}],"wp:attachment":[{"href":"https:\/\/lunaribes.ch\/en\/wp-json\/wp\/v2\/media?parent=3967"}],"wp:term":[{"taxonomy":"product_brand","embeddable":true,"href":"https:\/\/lunaribes.ch\/en\/wp-json\/wp\/v2\/product_brand?post=3967"},{"taxonomy":"product_cat","embeddable":true,"href":"https:\/\/lunaribes.ch\/en\/wp-json\/wp\/v2\/product_cat?post=3967"},{"taxonomy":"product_tag","embeddable":true,"href":"https:\/\/lunaribes.ch\/en\/wp-json\/wp\/v2\/product_tag?post=3967"}],"curies":[{"name":"wp","href":"https:\/\/api.w.org\/{rel}","templated":true}]}}