{"id":3753,"date":"2020-10-28T12:29:28","date_gmt":"2020-10-28T11:29:28","guid":{"rendered":"https:\/\/lunaribes.ch\/product\/import-placeholder-for-2045\/"},"modified":"2024-07-01T15:46:40","modified_gmt":"2024-07-01T13:46:40","slug":"voile-polynesie","status":"publish","type":"product","link":"https:\/\/lunaribes.ch\/en\/produit\/voile-polynesie\/","title":{"rendered":"Foulard Polyn\u00e9sie | Voile de soie"},"content":{"rendered":"","protected":false},"excerpt":{"rendered":"<p>La Polyn\u00e9sie, la destination qui fait r\u00eaver avec son oc\u00e9an bleu et toute la vie sous-marine.<\/p>\n<p>D\u2019un c\u00f4t\u00e9 du foulard, on retrouve les coraux et les poissons qui peuplent ce paradis. De l\u2019autre, je me suis inspir\u00e9e des tatouages polyn\u00e9siens que j\u2019admire pour cr\u00e9er un grand motif o\u00f9 j\u2019ai rajout\u00e9 des plongeurs pour qu\u2019ils d\u00e9couvrent la culture polyn\u00e9sienne ainsi que les fonds marins.<\/p>\n<p>Ce foulard est parfait pour les passionn\u00e9s de nature.<\/p>\n<p>\u00c0 porter sur les \u00e9paules, autour du cou, sur la t\u00eate ou en par\u00e9o.<br \/>\n[foulard]<\/p>\n","protected":false},"featured_media":3802,"comment_status":"closed","ping_status":"closed","template":"","meta":[],"product_brand":[],"product_cat":[79,102],"product_tag":[],"class_list":{"0":"post-3753","1":"product","2":"type-product","3":"status-publish","4":"has-post-thumbnail","6":"product_cat-foulards","7":"product_cat-voile-de-soie","9":"first","10":"outofstock","11":"taxable","12":"shipping-taxable","13":"purchasable","14":"product-type-simple"},"_links":{"self":[{"href":"https:\/\/lunaribes.ch\/en\/wp-json\/wp\/v2\/product\/3753","targetHints":{"allow":["GET"]}}],"collection":[{"href":"https:\/\/lunaribes.ch\/en\/wp-json\/wp\/v2\/product"}],"about":[{"href":"https:\/\/lunaribes.ch\/en\/wp-json\/wp\/v2\/types\/product"}],"replies":[{"embeddable":true,"href":"https:\/\/lunaribes.ch\/en\/wp-json\/wp\/v2\/comments?post=3753"}],"wp:featuredmedia":[{"embeddable":true,"href":"https:\/\/lunaribes.ch\/en\/wp-json\/wp\/v2\/media\/3802"}],"wp:attachment":[{"href":"https:\/\/lunaribes.ch\/en\/wp-json\/wp\/v2\/media?parent=3753"}],"wp:term":[{"taxonomy":"product_brand","embeddable":true,"href":"https:\/\/lunaribes.ch\/en\/wp-json\/wp\/v2\/product_brand?post=3753"},{"taxonomy":"product_cat","embeddable":true,"href":"https:\/\/lunaribes.ch\/en\/wp-json\/wp\/v2\/product_cat?post=3753"},{"taxonomy":"product_tag","embeddable":true,"href":"https:\/\/lunaribes.ch\/en\/wp-json\/wp\/v2\/product_tag?post=3753"}],"curies":[{"name":"wp","href":"https:\/\/api.w.org\/{rel}","templated":true}]}}