{"id":3750,"date":"2020-10-28T12:29:27","date_gmt":"2020-10-28T11:29:27","guid":{"rendered":"https:\/\/lunaribes.ch\/product\/import-placeholder-for-1746\/"},"modified":"2025-05-20T11:00:29","modified_gmt":"2025-05-20T09:00:29","slug":"voile-amazonie","status":"publish","type":"product","link":"https:\/\/lunaribes.ch\/en\/produit\/voile-amazonie\/","title":{"rendered":"Foulard Amazonie | Voile de soie"},"content":{"rendered":"","protected":false},"excerpt":{"rendered":"<p>Une v\u00e9g\u00e9tation luxuriante faite de fleurs exotiques et de feuillages verdoyants. Des lianes entrelac\u00e9es montrent que cette for\u00eat est unique et resplendissante. Des oiseaux du paradis multicolores, aux couleurs \u00e9clatantes voltigent de branches en branches. Des insectes \u00e9tonnants aux couleurs fra\u00eeches, des papillons merveilleux, voici ma vision de l\u2019Amazonie. Un des derniers lieux au monde o\u00f9 la nature reste encore intacte et o\u00f9 vivent en harmonie le monde animal et v\u00e9g\u00e9tal. Des couleurs fra\u00eeches et des teintes flatteuses.<br \/>\n[foulard]<\/p>\n","protected":false},"featured_media":3799,"comment_status":"closed","ping_status":"closed","template":"","meta":[],"product_brand":[],"product_cat":[79,102],"product_tag":[],"class_list":{"0":"post-3750","1":"product","2":"type-product","3":"status-publish","4":"has-post-thumbnail","6":"product_cat-foulards","7":"product_cat-voile-de-soie","9":"first","10":"outofstock","11":"taxable","12":"shipping-taxable","13":"purchasable","14":"product-type-simple"},"_links":{"self":[{"href":"https:\/\/lunaribes.ch\/en\/wp-json\/wp\/v2\/product\/3750","targetHints":{"allow":["GET"]}}],"collection":[{"href":"https:\/\/lunaribes.ch\/en\/wp-json\/wp\/v2\/product"}],"about":[{"href":"https:\/\/lunaribes.ch\/en\/wp-json\/wp\/v2\/types\/product"}],"replies":[{"embeddable":true,"href":"https:\/\/lunaribes.ch\/en\/wp-json\/wp\/v2\/comments?post=3750"}],"wp:featuredmedia":[{"embeddable":true,"href":"https:\/\/lunaribes.ch\/en\/wp-json\/wp\/v2\/media\/3799"}],"wp:attachment":[{"href":"https:\/\/lunaribes.ch\/en\/wp-json\/wp\/v2\/media?parent=3750"}],"wp:term":[{"taxonomy":"product_brand","embeddable":true,"href":"https:\/\/lunaribes.ch\/en\/wp-json\/wp\/v2\/product_brand?post=3750"},{"taxonomy":"product_cat","embeddable":true,"href":"https:\/\/lunaribes.ch\/en\/wp-json\/wp\/v2\/product_cat?post=3750"},{"taxonomy":"product_tag","embeddable":true,"href":"https:\/\/lunaribes.ch\/en\/wp-json\/wp\/v2\/product_tag?post=3750"}],"curies":[{"name":"wp","href":"https:\/\/api.w.org\/{rel}","templated":true}]}}