{"id":3749,"date":"2020-10-28T12:29:27","date_gmt":"2020-10-28T11:29:27","guid":{"rendered":"https:\/\/lunaribes.ch\/product\/import-placeholder-for-1744\/"},"modified":"2025-12-17T14:13:30","modified_gmt":"2025-12-17T13:13:30","slug":"voile-pensees","status":"publish","type":"product","link":"https:\/\/lunaribes.ch\/en\/produit\/voile-pensees\/","title":{"rendered":"Foulard Pens\u00e9es | Voile de soie"},"content":{"rendered":"","protected":false},"excerpt":{"rendered":"<p>Un jardin fleuri o\u00f9 chaque fleur est unique et diff\u00e9rente, un jardin de pens\u00e9es. Des fleurs si simples et pleines d\u2019\u00e9motions. Elles portent un nom bien particulier, car elles s\u2019adressent \u00e0 chacun et chacune d\u2019entre nous. Une pens\u00e9e pour toutes les personnes qui nous entourent et que l\u2019on aime. J\u2019ai peint avec passion une multitude de pens\u00e9es diff\u00e9rentes s\u2019adressant \u00e0 chaque personne pour lesquelles j\u2019avais une pens\u00e9e amicale et bienveillante. Des pens\u00e9es pour faire plaisir par amour ou amiti\u00e9.<br \/>\n[foulard]<\/p>\n","protected":false},"featured_media":3798,"comment_status":"closed","ping_status":"closed","template":"","meta":[],"product_brand":[],"product_cat":[79,102],"product_tag":[],"class_list":{"0":"post-3749","1":"product","2":"type-product","3":"status-publish","4":"has-post-thumbnail","6":"product_cat-foulards","7":"product_cat-voile-de-soie","9":"first","10":"outofstock","11":"taxable","12":"shipping-taxable","13":"purchasable","14":"product-type-simple"},"_links":{"self":[{"href":"https:\/\/lunaribes.ch\/en\/wp-json\/wp\/v2\/product\/3749","targetHints":{"allow":["GET"]}}],"collection":[{"href":"https:\/\/lunaribes.ch\/en\/wp-json\/wp\/v2\/product"}],"about":[{"href":"https:\/\/lunaribes.ch\/en\/wp-json\/wp\/v2\/types\/product"}],"replies":[{"embeddable":true,"href":"https:\/\/lunaribes.ch\/en\/wp-json\/wp\/v2\/comments?post=3749"}],"wp:featuredmedia":[{"embeddable":true,"href":"https:\/\/lunaribes.ch\/en\/wp-json\/wp\/v2\/media\/3798"}],"wp:attachment":[{"href":"https:\/\/lunaribes.ch\/en\/wp-json\/wp\/v2\/media?parent=3749"}],"wp:term":[{"taxonomy":"product_brand","embeddable":true,"href":"https:\/\/lunaribes.ch\/en\/wp-json\/wp\/v2\/product_brand?post=3749"},{"taxonomy":"product_cat","embeddable":true,"href":"https:\/\/lunaribes.ch\/en\/wp-json\/wp\/v2\/product_cat?post=3749"},{"taxonomy":"product_tag","embeddable":true,"href":"https:\/\/lunaribes.ch\/en\/wp-json\/wp\/v2\/product_tag?post=3749"}],"curies":[{"name":"wp","href":"https:\/\/api.w.org\/{rel}","templated":true}]}}