{"id":3746,"date":"2020-10-28T12:29:27","date_gmt":"2020-10-28T11:29:27","guid":{"rendered":"https:\/\/lunaribes.ch\/product\/import-placeholder-for-1733\/"},"modified":"2024-12-03T13:52:42","modified_gmt":"2024-12-03T12:52:42","slug":"voile-portebonheurmauve","status":"publish","type":"product","link":"https:\/\/lunaribes.ch\/en\/produit\/voile-portebonheurmauve\/","title":{"rendered":"Foulard Porte-Bonheur (Mauve) | Voile de soie"},"content":{"rendered":"","protected":false},"excerpt":{"rendered":"<p>On aime tous se sentir en s\u00e9curit\u00e9. On a tous un petit objet qui nous porte bonheur chez soi. Ici, je vous pr\u00e9sente un tour du monde des porte-bonheur allant des coccinelles avec des ailes d\u2019anges \u00e0 des tr\u00e8fles \u00e0 quatre feuilles. La couleur violette repr\u00e9sente la spiritualit\u00e9, la douceur et le r\u00eave. Entrez dans ce monde myst\u00e9rieux et po\u00e9tique!<\/p>\n<p><em>Ce foulard va vous porter bonheur, mais vous devez y croire!<\/em><\/p>\n<p>Les techniques utilis\u00e9es sur ce\u00a0<em>Foulard Porte-Bonheur<\/em>\u00a0sont le dessin et la peinture.<br \/>\nC\u2019est une soie tr\u00e8s fine transparente, mate, facile \u00e0 porter pour tous les jours ou en soir\u00e9es.<br \/>\n[foulard]<\/p>\n","protected":false},"featured_media":3792,"comment_status":"closed","ping_status":"closed","template":"","meta":[],"product_brand":[],"product_cat":[79,102],"product_tag":[],"class_list":{"0":"post-3746","1":"product","2":"type-product","3":"status-publish","4":"has-post-thumbnail","6":"product_cat-foulards","7":"product_cat-voile-de-soie","9":"first","10":"instock","11":"taxable","12":"shipping-taxable","13":"purchasable","14":"product-type-simple"},"_links":{"self":[{"href":"https:\/\/lunaribes.ch\/en\/wp-json\/wp\/v2\/product\/3746","targetHints":{"allow":["GET"]}}],"collection":[{"href":"https:\/\/lunaribes.ch\/en\/wp-json\/wp\/v2\/product"}],"about":[{"href":"https:\/\/lunaribes.ch\/en\/wp-json\/wp\/v2\/types\/product"}],"replies":[{"embeddable":true,"href":"https:\/\/lunaribes.ch\/en\/wp-json\/wp\/v2\/comments?post=3746"}],"wp:featuredmedia":[{"embeddable":true,"href":"https:\/\/lunaribes.ch\/en\/wp-json\/wp\/v2\/media\/3792"}],"wp:attachment":[{"href":"https:\/\/lunaribes.ch\/en\/wp-json\/wp\/v2\/media?parent=3746"}],"wp:term":[{"taxonomy":"product_brand","embeddable":true,"href":"https:\/\/lunaribes.ch\/en\/wp-json\/wp\/v2\/product_brand?post=3746"},{"taxonomy":"product_cat","embeddable":true,"href":"https:\/\/lunaribes.ch\/en\/wp-json\/wp\/v2\/product_cat?post=3746"},{"taxonomy":"product_tag","embeddable":true,"href":"https:\/\/lunaribes.ch\/en\/wp-json\/wp\/v2\/product_tag?post=3746"}],"curies":[{"name":"wp","href":"https:\/\/api.w.org\/{rel}","templated":true}]}}