{"id":3742,"date":"2020-10-28T12:29:27","date_gmt":"2020-10-28T11:29:27","guid":{"rendered":"https:\/\/lunaribes.ch\/product\/import-placeholder-for-1666\/"},"modified":"2024-07-01T15:39:37","modified_gmt":"2024-07-01T13:39:37","slug":"voile-cuba","status":"publish","type":"product","link":"https:\/\/lunaribes.ch\/en\/produit\/voile-cuba\/","title":{"rendered":"Foulard Cuba | Voile de soie"},"content":{"rendered":"","protected":false},"excerpt":{"rendered":"<p>Cuba libre, le cocktail de la libert\u00e9. Les voitures d\u2019une autre \u00e9poque, les couleurs du soleil, les fruits des Cara\u00efbes, la nature \u00e9clatante , le son de la salsa avec son rythme sensuel et son d\u00e9hanchement ondulant. Les cigares, les lunettes \u00e0 soleil , les vacances et la joie de vivre.<\/p>\n<p>Un classique intemporel<\/p>\n<p>Les techniques utilis\u00e9es sont le dessin et la peinture.<br \/>\n[foulard]<\/p>\n","protected":false},"featured_media":3784,"comment_status":"closed","ping_status":"closed","template":"","meta":[],"product_brand":[],"product_cat":[79,102],"product_tag":[],"class_list":{"0":"post-3742","1":"product","2":"type-product","3":"status-publish","4":"has-post-thumbnail","6":"product_cat-foulards","7":"product_cat-voile-de-soie","9":"first","10":"outofstock","11":"taxable","12":"shipping-taxable","13":"purchasable","14":"product-type-simple"},"_links":{"self":[{"href":"https:\/\/lunaribes.ch\/en\/wp-json\/wp\/v2\/product\/3742","targetHints":{"allow":["GET"]}}],"collection":[{"href":"https:\/\/lunaribes.ch\/en\/wp-json\/wp\/v2\/product"}],"about":[{"href":"https:\/\/lunaribes.ch\/en\/wp-json\/wp\/v2\/types\/product"}],"replies":[{"embeddable":true,"href":"https:\/\/lunaribes.ch\/en\/wp-json\/wp\/v2\/comments?post=3742"}],"wp:featuredmedia":[{"embeddable":true,"href":"https:\/\/lunaribes.ch\/en\/wp-json\/wp\/v2\/media\/3784"}],"wp:attachment":[{"href":"https:\/\/lunaribes.ch\/en\/wp-json\/wp\/v2\/media?parent=3742"}],"wp:term":[{"taxonomy":"product_brand","embeddable":true,"href":"https:\/\/lunaribes.ch\/en\/wp-json\/wp\/v2\/product_brand?post=3742"},{"taxonomy":"product_cat","embeddable":true,"href":"https:\/\/lunaribes.ch\/en\/wp-json\/wp\/v2\/product_cat?post=3742"},{"taxonomy":"product_tag","embeddable":true,"href":"https:\/\/lunaribes.ch\/en\/wp-json\/wp\/v2\/product_tag?post=3742"}],"curies":[{"name":"wp","href":"https:\/\/api.w.org\/{rel}","templated":true}]}}