{"id":3739,"date":"2020-10-28T12:29:26","date_gmt":"2020-10-28T11:29:26","guid":{"rendered":"https:\/\/lunaribes.ch\/product\/import-placeholder-for-514\/"},"modified":"2024-11-22T08:12:49","modified_gmt":"2024-11-22T07:12:49","slug":"voile-ukmajesty","status":"publish","type":"product","link":"https:\/\/lunaribes.ch\/en\/produit\/voile-ukmajesty\/","title":{"rendered":"Foulard UK Majesty | Voile de soie"},"content":{"rendered":"","protected":false},"excerpt":{"rendered":"<p>Allo!!! Allo!! Ici Londres !!<\/p>\n<p>Le chien de la reine est rose !?<\/p>\n<p>Des chiens aux couleurs pastels ?<\/p>\n<p>Les bus aussi ???<\/p>\n<p>Le tout entour\u00e9 de marguerites et de p\u00e2querettes, parsem\u00e9 de parapluies qui vous aiment \u00e0 la folie et passionn\u00e9ment !<\/p>\n<p>Londres, la ville la plus classique et la plus excentrique, la ville o\u00f9 tout est possible et tol\u00e9r\u00e9.<\/p>\n<p>Des pastels subtils, le palais du gouvernement, Big-Ben et les monuments font une bordure jaune citron.<\/p>\n<p>Des oiseaux aquarell\u00e9s voltigent, rapides comme un clin d\u2019\u0153il autour du portrait de la reine.<\/p>\n<p>Le foulard Londres vous fera sourire et donnera de l\u2019\u00e9clat \u00e0 votre teint en un clin d\u2019\u0153il !<br \/>\n[foulard]<\/p>\n","protected":false},"featured_media":3777,"comment_status":"closed","ping_status":"closed","template":"","meta":[],"product_brand":[],"product_cat":[79,102],"product_tag":[],"class_list":{"0":"post-3739","1":"product","2":"type-product","3":"status-publish","4":"has-post-thumbnail","6":"product_cat-foulards","7":"product_cat-voile-de-soie","9":"first","10":"instock","11":"taxable","12":"shipping-taxable","13":"purchasable","14":"product-type-simple"},"_links":{"self":[{"href":"https:\/\/lunaribes.ch\/en\/wp-json\/wp\/v2\/product\/3739","targetHints":{"allow":["GET"]}}],"collection":[{"href":"https:\/\/lunaribes.ch\/en\/wp-json\/wp\/v2\/product"}],"about":[{"href":"https:\/\/lunaribes.ch\/en\/wp-json\/wp\/v2\/types\/product"}],"replies":[{"embeddable":true,"href":"https:\/\/lunaribes.ch\/en\/wp-json\/wp\/v2\/comments?post=3739"}],"wp:featuredmedia":[{"embeddable":true,"href":"https:\/\/lunaribes.ch\/en\/wp-json\/wp\/v2\/media\/3777"}],"wp:attachment":[{"href":"https:\/\/lunaribes.ch\/en\/wp-json\/wp\/v2\/media?parent=3739"}],"wp:term":[{"taxonomy":"product_brand","embeddable":true,"href":"https:\/\/lunaribes.ch\/en\/wp-json\/wp\/v2\/product_brand?post=3739"},{"taxonomy":"product_cat","embeddable":true,"href":"https:\/\/lunaribes.ch\/en\/wp-json\/wp\/v2\/product_cat?post=3739"},{"taxonomy":"product_tag","embeddable":true,"href":"https:\/\/lunaribes.ch\/en\/wp-json\/wp\/v2\/product_tag?post=3739"}],"curies":[{"name":"wp","href":"https:\/\/api.w.org\/{rel}","templated":true}]}}