{"id":3738,"date":"2020-10-28T12:29:26","date_gmt":"2020-10-28T11:29:26","guid":{"rendered":"https:\/\/lunaribes.ch\/product\/import-placeholder-for-512\/"},"modified":"2024-11-22T08:12:46","modified_gmt":"2024-11-22T07:12:46","slug":"voile-mexiquebleu","status":"publish","type":"product","link":"https:\/\/lunaribes.ch\/en\/produit\/voile-mexiquebleu\/","title":{"rendered":"Foulard Mexique Bleu | Voile de soie"},"content":{"rendered":"","protected":false},"excerpt":{"rendered":"<p>Mexique, F\u00eater la vie ! F\u00eater la mort! Les couleurs vous envo\u00fbtent, \u00e9clatantes et lumineuses. Les gravures maya anciennes deviennent des tableaux multicolores et contemporains. Frida Kalho vous observe, enfin sereine . Un foulard de passion, d\u2019amour de caract\u00e8re et de personnalit\u00e9.<\/p>\n<p>Les techniques utilis\u00e9es sont le dessin et la peinture.<br \/>\nC&#8217;est une soie aux couleurs \u00e9clatantes que vous pouvez porter comme une \u00e9tole sur une jolie robe ou pr\u00e8s du cou pour tous les jours et qui vous tiendra chaud.<br \/>\n[foulard]<\/p>\n","protected":false},"featured_media":3773,"comment_status":"closed","ping_status":"closed","template":"","meta":[],"product_brand":[],"product_cat":[79,102],"product_tag":[],"class_list":{"0":"post-3738","1":"product","2":"type-product","3":"status-publish","4":"has-post-thumbnail","6":"product_cat-foulards","7":"product_cat-voile-de-soie","9":"first","10":"instock","11":"taxable","12":"shipping-taxable","13":"purchasable","14":"product-type-simple"},"_links":{"self":[{"href":"https:\/\/lunaribes.ch\/en\/wp-json\/wp\/v2\/product\/3738","targetHints":{"allow":["GET"]}}],"collection":[{"href":"https:\/\/lunaribes.ch\/en\/wp-json\/wp\/v2\/product"}],"about":[{"href":"https:\/\/lunaribes.ch\/en\/wp-json\/wp\/v2\/types\/product"}],"replies":[{"embeddable":true,"href":"https:\/\/lunaribes.ch\/en\/wp-json\/wp\/v2\/comments?post=3738"}],"wp:featuredmedia":[{"embeddable":true,"href":"https:\/\/lunaribes.ch\/en\/wp-json\/wp\/v2\/media\/3773"}],"wp:attachment":[{"href":"https:\/\/lunaribes.ch\/en\/wp-json\/wp\/v2\/media?parent=3738"}],"wp:term":[{"taxonomy":"product_brand","embeddable":true,"href":"https:\/\/lunaribes.ch\/en\/wp-json\/wp\/v2\/product_brand?post=3738"},{"taxonomy":"product_cat","embeddable":true,"href":"https:\/\/lunaribes.ch\/en\/wp-json\/wp\/v2\/product_cat?post=3738"},{"taxonomy":"product_tag","embeddable":true,"href":"https:\/\/lunaribes.ch\/en\/wp-json\/wp\/v2\/product_tag?post=3738"}],"curies":[{"name":"wp","href":"https:\/\/api.w.org\/{rel}","templated":true}]}}