{"id":3735,"date":"2020-10-28T12:29:26","date_gmt":"2020-10-28T11:29:26","guid":{"rendered":"https:\/\/lunaribes.ch\/product\/import-placeholder-for-491\/"},"modified":"2024-11-22T08:12:39","modified_gmt":"2024-11-22T07:12:39","slug":"voile-typographie","status":"publish","type":"product","link":"https:\/\/lunaribes.ch\/en\/produit\/voile-typographie\/","title":{"rendered":"Foulard Typographie (Universel) | Voile de soie"},"content":{"rendered":"","protected":false},"excerpt":{"rendered":"<p>Ce design est tapiss\u00e9 de claviers d\u2019ordinateurs, un object universel. Les grandes lettres tr\u00e8s travaill\u00e9es datent d\u2019une autre \u00e9poque. Je les ai trouv\u00e9es dans une brocante, tr\u00e8s endommag\u00e9es et les ai restaur\u00e9es. Les lettres me fascinent, car dans une partie du monde elles sont employ\u00e9es dans diff\u00e9rentes langues. Elles n\u2019ont pas de limite. J\u2019ai choisi les couleurs noires, grises et blanches en pensant \u00e0 une page blanche o\u00f9 l\u2019on \u00e9crit des histoires.<br \/>\nLes techniques utilis\u00e9es sur ce <em>Foulard Typographie<\/em> sont le dessin et la photo.<br \/>\nC\u2019est une soie tr\u00e8s fine transparente, mate, facile \u00e0 porter pour tous les jours ou en soir\u00e9es.<br \/>\n[foulard]<\/p>\n","protected":false},"featured_media":3768,"comment_status":"closed","ping_status":"closed","template":"","meta":[],"product_brand":[],"product_cat":[79,102],"product_tag":[],"class_list":{"0":"post-3735","1":"product","2":"type-product","3":"status-publish","4":"has-post-thumbnail","6":"product_cat-foulards","7":"product_cat-voile-de-soie","9":"first","10":"instock","11":"taxable","12":"shipping-taxable","13":"purchasable","14":"product-type-simple"},"_links":{"self":[{"href":"https:\/\/lunaribes.ch\/en\/wp-json\/wp\/v2\/product\/3735","targetHints":{"allow":["GET"]}}],"collection":[{"href":"https:\/\/lunaribes.ch\/en\/wp-json\/wp\/v2\/product"}],"about":[{"href":"https:\/\/lunaribes.ch\/en\/wp-json\/wp\/v2\/types\/product"}],"replies":[{"embeddable":true,"href":"https:\/\/lunaribes.ch\/en\/wp-json\/wp\/v2\/comments?post=3735"}],"wp:featuredmedia":[{"embeddable":true,"href":"https:\/\/lunaribes.ch\/en\/wp-json\/wp\/v2\/media\/3768"}],"wp:attachment":[{"href":"https:\/\/lunaribes.ch\/en\/wp-json\/wp\/v2\/media?parent=3735"}],"wp:term":[{"taxonomy":"product_brand","embeddable":true,"href":"https:\/\/lunaribes.ch\/en\/wp-json\/wp\/v2\/product_brand?post=3735"},{"taxonomy":"product_cat","embeddable":true,"href":"https:\/\/lunaribes.ch\/en\/wp-json\/wp\/v2\/product_cat?post=3735"},{"taxonomy":"product_tag","embeddable":true,"href":"https:\/\/lunaribes.ch\/en\/wp-json\/wp\/v2\/product_tag?post=3735"}],"curies":[{"name":"wp","href":"https:\/\/api.w.org\/{rel}","templated":true}]}}