{"id":3732,"date":"2020-10-28T12:29:26","date_gmt":"2020-10-28T11:29:26","guid":{"rendered":"https:\/\/lunaribes.ch\/product\/import-placeholder-for-479\/"},"modified":"2024-11-22T08:12:35","modified_gmt":"2024-11-22T07:12:35","slug":"voile-barbeapapa","status":"publish","type":"product","link":"https:\/\/lunaribes.ch\/en\/produit\/voile-barbeapapa\/","title":{"rendered":"Foulard Barbe \u00e0 Papa (Alpaga) | Voile de soie"},"content":{"rendered":"","protected":false},"excerpt":{"rendered":"<p>Le design du <em>Foulard Barbe \u00e0 Papa<\/em> repr\u00e9sente l\u2019Am\u00e9rique du sud et plus particuli\u00e8rement le P\u00e9rou. Je trouve l\u2019alpaga \u00e0 la fois \u00e9l\u00e9gant et surprenant. J\u2019ai voulu rendre hommage aux travailleuses des montagnes qui s\u2019occupent de l\u2019alpaga et de sa laine. Animal important pour une partie de l\u2019industrie du pays.<\/p>\n<p>Celui-ci a une t\u00eate sympathique et on aimerait pouvoir caresser ce beau pelage \u00e9pais. J\u2019ai chang\u00e9 sa couleur par un rose bonbon qui lui donne un air de barbe-\u00e0-papa.<\/p>\n<p>La technique qui est utilis\u00e9e est la photo.<br \/>\nC\u2019est une soie tr\u00e8s fine transparente, mate, facile \u00e0 porter pour tous les jours ou en soir\u00e9es.<\/p>\n<p>&nbsp;<\/p>\n<p>&nbsp;<\/p>\n","protected":false},"featured_media":3757,"comment_status":"closed","ping_status":"closed","template":"","meta":[],"product_brand":[],"product_cat":[79,102],"product_tag":[],"class_list":{"0":"post-3732","1":"product","2":"type-product","3":"status-publish","4":"has-post-thumbnail","6":"product_cat-foulards","7":"product_cat-voile-de-soie","9":"first","10":"instock","11":"taxable","12":"shipping-taxable","13":"purchasable","14":"product-type-simple"},"_links":{"self":[{"href":"https:\/\/lunaribes.ch\/en\/wp-json\/wp\/v2\/product\/3732","targetHints":{"allow":["GET"]}}],"collection":[{"href":"https:\/\/lunaribes.ch\/en\/wp-json\/wp\/v2\/product"}],"about":[{"href":"https:\/\/lunaribes.ch\/en\/wp-json\/wp\/v2\/types\/product"}],"replies":[{"embeddable":true,"href":"https:\/\/lunaribes.ch\/en\/wp-json\/wp\/v2\/comments?post=3732"}],"wp:featuredmedia":[{"embeddable":true,"href":"https:\/\/lunaribes.ch\/en\/wp-json\/wp\/v2\/media\/3757"}],"wp:attachment":[{"href":"https:\/\/lunaribes.ch\/en\/wp-json\/wp\/v2\/media?parent=3732"}],"wp:term":[{"taxonomy":"product_brand","embeddable":true,"href":"https:\/\/lunaribes.ch\/en\/wp-json\/wp\/v2\/product_brand?post=3732"},{"taxonomy":"product_cat","embeddable":true,"href":"https:\/\/lunaribes.ch\/en\/wp-json\/wp\/v2\/product_cat?post=3732"},{"taxonomy":"product_tag","embeddable":true,"href":"https:\/\/lunaribes.ch\/en\/wp-json\/wp\/v2\/product_tag?post=3732"}],"curies":[{"name":"wp","href":"https:\/\/api.w.org\/{rel}","templated":true}]}}