{"id":3731,"date":"2020-10-28T12:29:25","date_gmt":"2020-10-28T11:29:25","guid":{"rendered":"https:\/\/lunaribes.ch\/product\/import-placeholder-for-451\/"},"modified":"2024-11-22T08:12:54","modified_gmt":"2024-11-22T07:12:54","slug":"voile-champignons","status":"publish","type":"product","link":"https:\/\/lunaribes.ch\/en\/produit\/voile-champignons\/","title":{"rendered":"Foulard Champignons | Voile de soie"},"content":{"rendered":"","protected":false},"excerpt":{"rendered":"<p>Non ce n&#8217;est pas une hallucinations, mais un sous-bois \u00e0 la tomb\u00e9e de la nuit, sorti de mon imagination. C&#8217;est le champignon que je peignais d\u00e9j\u00e0 petite que j&#8217;ai vu dans les dessins anim\u00e9s et que tout enfant a d\u00e9j\u00e0 dessin\u00e9.<\/p>\n<p>Pour moi c&#8217;est le plus beau le plus color\u00e9 le plus fou et peut-\u00eatre le plus dangereux !<\/p>\n<p>Les techniques utilis\u00e9es sont le dessin et la peinture.<br \/>\nC&#8217;est une soie aux couleurs \u00e9clatantes que vous pouvez porter comme une \u00e9tole sur une jolie robe ou pr\u00e8s du cou pour tous les jours et qui vous tiendra chaud.<br \/>\n[foulard]<\/p>\n","protected":false},"featured_media":3756,"comment_status":"closed","ping_status":"closed","template":"","meta":[],"product_brand":[],"product_cat":[79,102],"product_tag":[],"class_list":{"0":"post-3731","1":"product","2":"type-product","3":"status-publish","4":"has-post-thumbnail","6":"product_cat-foulards","7":"product_cat-voile-de-soie","9":"first","10":"instock","11":"taxable","12":"shipping-taxable","13":"purchasable","14":"product-type-simple"},"_links":{"self":[{"href":"https:\/\/lunaribes.ch\/en\/wp-json\/wp\/v2\/product\/3731","targetHints":{"allow":["GET"]}}],"collection":[{"href":"https:\/\/lunaribes.ch\/en\/wp-json\/wp\/v2\/product"}],"about":[{"href":"https:\/\/lunaribes.ch\/en\/wp-json\/wp\/v2\/types\/product"}],"replies":[{"embeddable":true,"href":"https:\/\/lunaribes.ch\/en\/wp-json\/wp\/v2\/comments?post=3731"}],"wp:featuredmedia":[{"embeddable":true,"href":"https:\/\/lunaribes.ch\/en\/wp-json\/wp\/v2\/media\/3756"}],"wp:attachment":[{"href":"https:\/\/lunaribes.ch\/en\/wp-json\/wp\/v2\/media?parent=3731"}],"wp:term":[{"taxonomy":"product_brand","embeddable":true,"href":"https:\/\/lunaribes.ch\/en\/wp-json\/wp\/v2\/product_brand?post=3731"},{"taxonomy":"product_cat","embeddable":true,"href":"https:\/\/lunaribes.ch\/en\/wp-json\/wp\/v2\/product_cat?post=3731"},{"taxonomy":"product_tag","embeddable":true,"href":"https:\/\/lunaribes.ch\/en\/wp-json\/wp\/v2\/product_tag?post=3731"}],"curies":[{"name":"wp","href":"https:\/\/api.w.org\/{rel}","templated":true}]}}