{"id":3540,"date":"2020-10-28T08:53:38","date_gmt":"2020-10-28T07:53:38","guid":{"rendered":"https:\/\/lunaribes.ch\/product\/import-placeholder-for-414\/"},"modified":"2025-02-20T11:17:04","modified_gmt":"2025-02-20T10:17:04","slug":"coeur-chaine","status":"publish","type":"product","link":"https:\/\/lunaribes.ch\/en\/produit\/coeur-chaine\/","title":{"rendered":"Collier Coeur Chaine"},"content":{"rendered":"","protected":false},"excerpt":{"rendered":"<p>C&#8217;est un bijou facile \u00e0 porter tous les jours ou pour une soir\u00e9e. Les perles donnent un c\u00f4t\u00e9 tr\u00e8s f\u00e9minin.<\/p>\n<p>Peinture sur demande.<br \/>\n[bijou]<\/p>\n","protected":false},"featured_media":6127,"comment_status":"closed","ping_status":"closed","template":"","meta":[],"product_brand":[],"product_cat":[94,98],"product_tag":[],"class_list":{"0":"post-3540","1":"product","2":"type-product","3":"status-publish","4":"has-post-thumbnail","6":"product_cat-bijoux","7":"product_cat-colliers","9":"first","10":"instock","11":"sold-individually","12":"taxable","13":"shipping-taxable","14":"purchasable","15":"product-type-simple"},"_links":{"self":[{"href":"https:\/\/lunaribes.ch\/en\/wp-json\/wp\/v2\/product\/3540","targetHints":{"allow":["GET"]}}],"collection":[{"href":"https:\/\/lunaribes.ch\/en\/wp-json\/wp\/v2\/product"}],"about":[{"href":"https:\/\/lunaribes.ch\/en\/wp-json\/wp\/v2\/types\/product"}],"replies":[{"embeddable":true,"href":"https:\/\/lunaribes.ch\/en\/wp-json\/wp\/v2\/comments?post=3540"}],"wp:featuredmedia":[{"embeddable":true,"href":"https:\/\/lunaribes.ch\/en\/wp-json\/wp\/v2\/media\/6127"}],"wp:attachment":[{"href":"https:\/\/lunaribes.ch\/en\/wp-json\/wp\/v2\/media?parent=3540"}],"wp:term":[{"taxonomy":"product_brand","embeddable":true,"href":"https:\/\/lunaribes.ch\/en\/wp-json\/wp\/v2\/product_brand?post=3540"},{"taxonomy":"product_cat","embeddable":true,"href":"https:\/\/lunaribes.ch\/en\/wp-json\/wp\/v2\/product_cat?post=3540"},{"taxonomy":"product_tag","embeddable":true,"href":"https:\/\/lunaribes.ch\/en\/wp-json\/wp\/v2\/product_tag?post=3540"}],"curies":[{"name":"wp","href":"https:\/\/api.w.org\/{rel}","templated":true}]}}