{"id":2999,"date":"2020-10-27T16:45:02","date_gmt":"2020-10-27T15:45:02","guid":{"rendered":"https:\/\/lunaribes.ch\/product\/import-placeholder-for-2373\/"},"modified":"2024-11-22T08:21:50","modified_gmt":"2024-11-22T07:21:50","slug":"cachemire-lacbleu","status":"publish","type":"product","link":"https:\/\/lunaribes.ch\/en\/produit\/cachemire-lacbleu\/","title":{"rendered":"Foulard Lac bleu | Cachemire"},"content":{"rendered":"","protected":false},"excerpt":{"rendered":"<p>Le lac est une source d\u2019inspiration. Les harmonies de couleurs qui se forment donnent des paysages magnifiques, surr\u00e9alistes et toujours diff\u00e9rents qui me laissent sans voix. Ce Foulard Lac Bleu illustre le lac L\u00e9man qui fait partie de la vie des habitants avoisinant ce bel espace bleu. Tous les matins, je prends des photos du lac. J\u2019ai ensuite s\u00e9lectionn\u00e9 une partie de ces photos pour ce design. Les lignes blanches entre chaque photo donnent un effet d\u2019horizon. La technique utilis\u00e9e est la photo C\u2019est un produit de grande qualit\u00e9 que vous pourrez porter toute l\u2019ann\u00e9e dans toutes les occasions. Attention, vous ne pourrez plus vous en s\u00e9parer!<br \/>\n[foulard]<\/p>\n","protected":false},"featured_media":3005,"comment_status":"closed","ping_status":"closed","template":"","meta":[],"product_brand":[],"product_cat":[82,79],"product_tag":[],"class_list":{"0":"post-2999","1":"product","2":"type-product","3":"status-publish","4":"has-post-thumbnail","6":"product_cat-cachemire","7":"product_cat-foulards","9":"first","10":"instock","11":"taxable","12":"shipping-taxable","13":"purchasable","14":"product-type-simple"},"_links":{"self":[{"href":"https:\/\/lunaribes.ch\/en\/wp-json\/wp\/v2\/product\/2999","targetHints":{"allow":["GET"]}}],"collection":[{"href":"https:\/\/lunaribes.ch\/en\/wp-json\/wp\/v2\/product"}],"about":[{"href":"https:\/\/lunaribes.ch\/en\/wp-json\/wp\/v2\/types\/product"}],"replies":[{"embeddable":true,"href":"https:\/\/lunaribes.ch\/en\/wp-json\/wp\/v2\/comments?post=2999"}],"wp:featuredmedia":[{"embeddable":true,"href":"https:\/\/lunaribes.ch\/en\/wp-json\/wp\/v2\/media\/3005"}],"wp:attachment":[{"href":"https:\/\/lunaribes.ch\/en\/wp-json\/wp\/v2\/media?parent=2999"}],"wp:term":[{"taxonomy":"product_brand","embeddable":true,"href":"https:\/\/lunaribes.ch\/en\/wp-json\/wp\/v2\/product_brand?post=2999"},{"taxonomy":"product_cat","embeddable":true,"href":"https:\/\/lunaribes.ch\/en\/wp-json\/wp\/v2\/product_cat?post=2999"},{"taxonomy":"product_tag","embeddable":true,"href":"https:\/\/lunaribes.ch\/en\/wp-json\/wp\/v2\/product_tag?post=2999"}],"curies":[{"name":"wp","href":"https:\/\/api.w.org\/{rel}","templated":true}]}}