{"id":2998,"date":"2020-10-27T16:45:02","date_gmt":"2020-10-27T15:45:02","guid":{"rendered":"https:\/\/lunaribes.ch\/product\/import-placeholder-for-2370\/"},"modified":"2024-11-22T08:21:49","modified_gmt":"2024-11-22T07:21:49","slug":"cachemire-inde","status":"publish","type":"product","link":"https:\/\/lunaribes.ch\/en\/produit\/cachemire-inde\/","title":{"rendered":"Foulard Inde | Cachemire"},"content":{"rendered":"","protected":false},"excerpt":{"rendered":"<p>Beige comme la douceur des rayons du soleil du Rajasthan, une destination incroyable. Beige comme les murs des palais et de la terre. L\u2019architecture est fantastique, comme les vo\u00fbtes du Palais des vents de Jaipur qui m\u2019ont inspir\u00e9 et ont fait d\u00e9lir\u00e9 et mon imagination. Les fleurs de lotus et les \u00e9l\u00e9phants sont peints de fa\u00e7on traditionnelle avec les belles couleurs profondes des saris que portent les magnifiques femmes indiennes.<br \/>\nJe me suis beaucoup inspir\u00e9e des superbes imprim\u00e9s traditionnels.<br \/>\nC\u2019est un pays int\u00e9ressant, incroyable, complexe et compliqu\u00e9.<br \/>\n[foulard]<\/p>\n","protected":false},"featured_media":2919,"comment_status":"closed","ping_status":"closed","template":"","meta":[],"product_brand":[],"product_cat":[82,79],"product_tag":[85],"class_list":{"0":"post-2998","1":"product","2":"type-product","3":"status-publish","4":"has-post-thumbnail","6":"product_cat-cachemire","7":"product_cat-foulards","8":"product_tag-inde","10":"first","11":"instock","12":"taxable","13":"shipping-taxable","14":"purchasable","15":"product-type-simple"},"_links":{"self":[{"href":"https:\/\/lunaribes.ch\/en\/wp-json\/wp\/v2\/product\/2998","targetHints":{"allow":["GET"]}}],"collection":[{"href":"https:\/\/lunaribes.ch\/en\/wp-json\/wp\/v2\/product"}],"about":[{"href":"https:\/\/lunaribes.ch\/en\/wp-json\/wp\/v2\/types\/product"}],"replies":[{"embeddable":true,"href":"https:\/\/lunaribes.ch\/en\/wp-json\/wp\/v2\/comments?post=2998"}],"wp:featuredmedia":[{"embeddable":true,"href":"https:\/\/lunaribes.ch\/en\/wp-json\/wp\/v2\/media\/2919"}],"wp:attachment":[{"href":"https:\/\/lunaribes.ch\/en\/wp-json\/wp\/v2\/media?parent=2998"}],"wp:term":[{"taxonomy":"product_brand","embeddable":true,"href":"https:\/\/lunaribes.ch\/en\/wp-json\/wp\/v2\/product_brand?post=2998"},{"taxonomy":"product_cat","embeddable":true,"href":"https:\/\/lunaribes.ch\/en\/wp-json\/wp\/v2\/product_cat?post=2998"},{"taxonomy":"product_tag","embeddable":true,"href":"https:\/\/lunaribes.ch\/en\/wp-json\/wp\/v2\/product_tag?post=2998"}],"curies":[{"name":"wp","href":"https:\/\/api.w.org\/{rel}","templated":true}]}}