{"id":2995,"date":"2020-10-27T16:45:01","date_gmt":"2020-10-27T15:45:01","guid":{"rendered":"https:\/\/lunaribes.ch\/product\/import-placeholder-for-2361\/"},"modified":"2024-06-24T17:13:18","modified_gmt":"2024-06-24T15:13:18","slug":"cachemire-champignons","status":"publish","type":"product","link":"https:\/\/lunaribes.ch\/en\/produit\/cachemire-champignons\/","title":{"rendered":"Foulard Champignons | Cachemire"},"content":{"rendered":"","protected":false},"excerpt":{"rendered":"<p>Non ce n\u2019est pas une hallucination, mais un sous-bois \u00e0 la tomb\u00e9e de la nuit, sorti de mon imagination. C\u2019est le champignon que je peignais d\u00e9j\u00e0 petite que j\u2019ai vu dans les dessins anim\u00e9s et que tout enfant a d\u00e9j\u00e0 dessin\u00e9.<\/p>\n<p>Pour moi c\u2019est le plus beau le plus color\u00e9 le plus fou et peut-\u00eatre le plus dangereux !<\/p>\n<p>Les techniques utilis\u00e9es sont le dessin et la peinture.<br \/>\nC\u2019est une soie aux couleurs \u00e9clatantes que vous pouvez porter comme une \u00e9tole sur une jolie robe ou pr\u00e8s du cou pour tous les jours et qui vous tiendra chaud.<br \/>\n[foulard]<\/p>\n","protected":false},"featured_media":2889,"comment_status":"closed","ping_status":"closed","template":"","meta":[],"product_brand":[],"product_cat":[82,79],"product_tag":[],"class_list":{"0":"post-2995","1":"product","2":"type-product","3":"status-publish","4":"has-post-thumbnail","6":"product_cat-cachemire","7":"product_cat-foulards","9":"first","10":"outofstock","11":"taxable","12":"shipping-taxable","13":"purchasable","14":"product-type-simple"},"_links":{"self":[{"href":"https:\/\/lunaribes.ch\/en\/wp-json\/wp\/v2\/product\/2995","targetHints":{"allow":["GET"]}}],"collection":[{"href":"https:\/\/lunaribes.ch\/en\/wp-json\/wp\/v2\/product"}],"about":[{"href":"https:\/\/lunaribes.ch\/en\/wp-json\/wp\/v2\/types\/product"}],"replies":[{"embeddable":true,"href":"https:\/\/lunaribes.ch\/en\/wp-json\/wp\/v2\/comments?post=2995"}],"wp:featuredmedia":[{"embeddable":true,"href":"https:\/\/lunaribes.ch\/en\/wp-json\/wp\/v2\/media\/2889"}],"wp:attachment":[{"href":"https:\/\/lunaribes.ch\/en\/wp-json\/wp\/v2\/media?parent=2995"}],"wp:term":[{"taxonomy":"product_brand","embeddable":true,"href":"https:\/\/lunaribes.ch\/en\/wp-json\/wp\/v2\/product_brand?post=2995"},{"taxonomy":"product_cat","embeddable":true,"href":"https:\/\/lunaribes.ch\/en\/wp-json\/wp\/v2\/product_cat?post=2995"},{"taxonomy":"product_tag","embeddable":true,"href":"https:\/\/lunaribes.ch\/en\/wp-json\/wp\/v2\/product_tag?post=2995"}],"curies":[{"name":"wp","href":"https:\/\/api.w.org\/{rel}","templated":true}]}}