{"id":2994,"date":"2020-10-27T16:45:01","date_gmt":"2020-10-27T15:45:01","guid":{"rendered":"https:\/\/lunaribes.ch\/product\/import-placeholder-for-2358\/"},"modified":"2024-11-22T08:22:00","modified_gmt":"2024-11-22T07:22:00","slug":"cachemire-japon","status":"publish","type":"product","link":"https:\/\/lunaribes.ch\/en\/produit\/cachemire-japon\/","title":{"rendered":"Foulard Japon | Cachemire"},"content":{"rendered":"","protected":false},"excerpt":{"rendered":"<p>Peu de couleurs comme le drapeau japonais, mais \u00e9norm\u00e9ment d\u2019informations. Un pays unique et cr\u00e9atif, une culture si diff\u00e9rente, o\u00f9 tout est dans la puret\u00e9, le design et l\u2019originalit\u00e9. Un pays qui nous surprend et nous attire, tant par sa gastronomie, que ses contrastes o\u00f9 se m\u00e9langent le pass\u00e9 et le futur. J\u2019ai voulu vous montrer beaucoup d\u2019informations, en passant des sumos aux sushis, aux cerisiers en fleurs, aux geishas, aux petits chats porte-bonheurs, aux origamis, aux mangas, aux carpes ko\u00ef, aux villes exceptionnelles, le tout mix\u00e9 avec des \u00e9l\u00e9ments d\u2019informatique. Tout mon Japon mix\u00e9 et rassembl\u00e9 pour ne former qu\u2019un design.<\/p>\n[foulard]\n","protected":false},"featured_media":2886,"comment_status":"closed","ping_status":"closed","template":"","meta":[],"product_brand":[],"product_cat":[82,79],"product_tag":[],"class_list":{"0":"post-2994","1":"product","2":"type-product","3":"status-publish","4":"has-post-thumbnail","6":"product_cat-cachemire","7":"product_cat-foulards","9":"first","10":"instock","11":"taxable","12":"shipping-taxable","13":"purchasable","14":"product-type-simple"},"_links":{"self":[{"href":"https:\/\/lunaribes.ch\/en\/wp-json\/wp\/v2\/product\/2994","targetHints":{"allow":["GET"]}}],"collection":[{"href":"https:\/\/lunaribes.ch\/en\/wp-json\/wp\/v2\/product"}],"about":[{"href":"https:\/\/lunaribes.ch\/en\/wp-json\/wp\/v2\/types\/product"}],"replies":[{"embeddable":true,"href":"https:\/\/lunaribes.ch\/en\/wp-json\/wp\/v2\/comments?post=2994"}],"wp:featuredmedia":[{"embeddable":true,"href":"https:\/\/lunaribes.ch\/en\/wp-json\/wp\/v2\/media\/2886"}],"wp:attachment":[{"href":"https:\/\/lunaribes.ch\/en\/wp-json\/wp\/v2\/media?parent=2994"}],"wp:term":[{"taxonomy":"product_brand","embeddable":true,"href":"https:\/\/lunaribes.ch\/en\/wp-json\/wp\/v2\/product_brand?post=2994"},{"taxonomy":"product_cat","embeddable":true,"href":"https:\/\/lunaribes.ch\/en\/wp-json\/wp\/v2\/product_cat?post=2994"},{"taxonomy":"product_tag","embeddable":true,"href":"https:\/\/lunaribes.ch\/en\/wp-json\/wp\/v2\/product_tag?post=2994"}],"curies":[{"name":"wp","href":"https:\/\/api.w.org\/{rel}","templated":true}]}}