{"id":2993,"date":"2020-10-27T16:45:01","date_gmt":"2020-10-27T15:45:01","guid":{"rendered":"https:\/\/lunaribes.ch\/product\/import-placeholder-for-2355\/"},"modified":"2024-11-22T08:21:58","modified_gmt":"2024-11-22T07:21:58","slug":"cachemire-maroc","status":"publish","type":"product","link":"https:\/\/lunaribes.ch\/en\/produit\/cachemire-maroc\/","title":{"rendered":"Foulard Maroc | Cachemire"},"content":{"rendered":"","protected":false},"excerpt":{"rendered":"<p>Le bleu du ciel, le bleu de l\u2019eau, du bleu clair, fonc\u00e9, d\u00e9licat, \u00e9clatant, rafra\u00eechissant. Une teinte qui se d\u00e9grade \u00e0 l\u2019infini, qui fonce la nuit, qui devient profond, l\u00e9ger, clair ou vibrant. C\u2019est en d\u00e9couvrant des mosa\u00efques marocaines, que je suis tomb\u00e9e dans tous ces bleus o\u00f9 j\u2019ai nag\u00e9 et failli m\u2019y noyer. Plongez dans ce foulard, couvrez-vous, prot\u00e9gez-vous, emballez-vous, vous en ressortirez que plus belle! Ce premier mod\u00e8le carr\u00e9 de 140\/140 cm, vous s\u00e9duira par son format surprenant et la l\u00e9g\u00e8ret\u00e9 de son voile de soie. Intemporel et facile \u00e0 porter.<br \/>\n[foulard]<\/p>\n","protected":false},"featured_media":2862,"comment_status":"closed","ping_status":"closed","template":"","meta":[],"product_brand":[],"product_cat":[82,79],"product_tag":[84],"class_list":{"0":"post-2993","1":"product","2":"type-product","3":"status-publish","4":"has-post-thumbnail","6":"product_cat-cachemire","7":"product_cat-foulards","8":"product_tag-maroc","10":"first","11":"instock","12":"taxable","13":"shipping-taxable","14":"purchasable","15":"product-type-simple"},"_links":{"self":[{"href":"https:\/\/lunaribes.ch\/en\/wp-json\/wp\/v2\/product\/2993","targetHints":{"allow":["GET"]}}],"collection":[{"href":"https:\/\/lunaribes.ch\/en\/wp-json\/wp\/v2\/product"}],"about":[{"href":"https:\/\/lunaribes.ch\/en\/wp-json\/wp\/v2\/types\/product"}],"replies":[{"embeddable":true,"href":"https:\/\/lunaribes.ch\/en\/wp-json\/wp\/v2\/comments?post=2993"}],"wp:featuredmedia":[{"embeddable":true,"href":"https:\/\/lunaribes.ch\/en\/wp-json\/wp\/v2\/media\/2862"}],"wp:attachment":[{"href":"https:\/\/lunaribes.ch\/en\/wp-json\/wp\/v2\/media?parent=2993"}],"wp:term":[{"taxonomy":"product_brand","embeddable":true,"href":"https:\/\/lunaribes.ch\/en\/wp-json\/wp\/v2\/product_brand?post=2993"},{"taxonomy":"product_cat","embeddable":true,"href":"https:\/\/lunaribes.ch\/en\/wp-json\/wp\/v2\/product_cat?post=2993"},{"taxonomy":"product_tag","embeddable":true,"href":"https:\/\/lunaribes.ch\/en\/wp-json\/wp\/v2\/product_tag?post=2993"}],"curies":[{"name":"wp","href":"https:\/\/api.w.org\/{rel}","templated":true}]}}