{"id":2986,"date":"2020-10-27T16:45:00","date_gmt":"2020-10-27T15:45:00","guid":{"rendered":"https:\/\/lunaribes.ch\/product\/import-placeholder-for-533\/"},"modified":"2026-01-20T14:22:28","modified_gmt":"2026-01-20T13:22:28","slug":"cachemire-tavillons","status":"publish","type":"product","link":"https:\/\/lunaribes.ch\/en\/produit\/cachemire-tavillons\/","title":{"rendered":"Foulard Tavillons (Savoir- Faire) | Cachemire"},"content":{"rendered":"","protected":false},"excerpt":{"rendered":"<p>Ces petits bouts de bois bien taill\u00e9s, bien calibr\u00e9s, puis assembl\u00e9s sur des chalets sont magnifiques. Cette technique d\u00e9montre la pr\u00e9cision d\u2019un savoir-faire suisse qui a travers\u00e9 le temps, malheureusement en voie de disparition aujourd\u2019hui. J\u2019ai voulu rendre hommage \u00e0 cette magnifique technique de construction qui donne un c\u00f4t\u00e9 \u00e9labor\u00e9 et fait penser \u00e0 des \u00e9cailles. La mani\u00e8re dont j\u2019ai dispos\u00e9 les tavillons repr\u00e9sente un toit vu de dessus. Le bois donne un c\u00f4t\u00e9 brut \u00e0 ce <em>Foulard Tavillons<\/em>.<\/p>\n<p>Les techniques utilis\u00e9es sont la photo, le dessin et la peinture.<\/p>\n<p>C\u2019est un produit de grande qualit\u00e9 que vous pourrez porter toute l\u2019ann\u00e9e dans toutes les occasions.<br \/>\nAttention, vous ne pourrez plus vous en s\u00e9parer!<\/p>\n","protected":false},"featured_media":2798,"comment_status":"closed","ping_status":"closed","template":"","meta":[],"product_brand":[],"product_cat":[82,79],"product_tag":[],"class_list":{"0":"post-2986","1":"product","2":"type-product","3":"status-publish","4":"has-post-thumbnail","6":"product_cat-cachemire","7":"product_cat-foulards","9":"first","10":"instock","11":"taxable","12":"shipping-taxable","13":"purchasable","14":"product-type-simple"},"_links":{"self":[{"href":"https:\/\/lunaribes.ch\/en\/wp-json\/wp\/v2\/product\/2986","targetHints":{"allow":["GET"]}}],"collection":[{"href":"https:\/\/lunaribes.ch\/en\/wp-json\/wp\/v2\/product"}],"about":[{"href":"https:\/\/lunaribes.ch\/en\/wp-json\/wp\/v2\/types\/product"}],"replies":[{"embeddable":true,"href":"https:\/\/lunaribes.ch\/en\/wp-json\/wp\/v2\/comments?post=2986"}],"wp:featuredmedia":[{"embeddable":true,"href":"https:\/\/lunaribes.ch\/en\/wp-json\/wp\/v2\/media\/2798"}],"wp:attachment":[{"href":"https:\/\/lunaribes.ch\/en\/wp-json\/wp\/v2\/media?parent=2986"}],"wp:term":[{"taxonomy":"product_brand","embeddable":true,"href":"https:\/\/lunaribes.ch\/en\/wp-json\/wp\/v2\/product_brand?post=2986"},{"taxonomy":"product_cat","embeddable":true,"href":"https:\/\/lunaribes.ch\/en\/wp-json\/wp\/v2\/product_cat?post=2986"},{"taxonomy":"product_tag","embeddable":true,"href":"https:\/\/lunaribes.ch\/en\/wp-json\/wp\/v2\/product_tag?post=2986"}],"curies":[{"name":"wp","href":"https:\/\/api.w.org\/{rel}","templated":true}]}}