{"id":26399,"date":"2024-12-12T10:56:21","date_gmt":"2024-12-12T09:56:21","guid":{"rendered":"https:\/\/lunaribes.ch\/?post_type=product&#038;p=26399"},"modified":"2025-12-11T17:57:52","modified_gmt":"2025-12-11T16:57:52","slug":"diffuseur-nuit-etoilee","status":"publish","type":"product","link":"https:\/\/lunaribes.ch\/en\/produit\/diffuseur-nuit-etoilee\/","title":{"rendered":"Diffuseur Nuit Etoil\u00e9e (Menthe)"},"content":{"rendered":"","protected":false},"excerpt":{"rendered":"<style>\ntable tbody td, table thead th, body table.compare-list th {border-color: white;}\ntable {margin-top:-25px !important;margin-bottom:5px !important;}\n<\/style>\n<table style=\"background-color: #ffffff !important;\">\n<tbody>\n<tr>\n<td style=\"padding: 0px 10px 0px 10px;\" align=\"center\"><img decoding=\"async\" class=\"alignnone size-medium wp-image-9459\" role=\"img\" src=\"https:\/\/lunaribes.ch\/wp-content\/uploads\/2023\/01\/icone_DesignSuisse.svg\" alt=\"\" width=\"80\" height=\"80\" \/><\/td>\n<td style=\"padding: 0px 10px 0px 10px;\" align=\"center\"><img decoding=\"async\" class=\"alignnone size-medium wp-image-9461\" role=\"img\" src=\"https:\/\/lunaribes.ch\/wp-content\/uploads\/2023\/01\/icone_FaitMain.svg\" alt=\"\" width=\"80\" height=\"80\" \/><\/td>\n<td style=\"padding: 0px 10px 0px 10px;\" align=\"center\"><img decoding=\"async\" class=\"alignnone size-medium wp-image-9455\" role=\"img\" src=\"https:\/\/lunaribes.ch\/wp-content\/uploads\/2023\/01\/icone_Circuitcourt.svg\" alt=\"\" width=\"80\" height=\"80\" \/><\/td>\n<\/tr>\n<tr>\n<td style=\"color: black; font-size: 0.8em; padding: 0px;\" align=\"center\">Design suisse<\/td>\n<td style=\"color: black; font-size: 0.8em; padding: 0px;\" align=\"center\">Fait main<\/td>\n<td style=\"color: black; font-size: 0.8em; padding: 0px;\" align=\"center\">Circuit court<\/td>\n<\/tr>\n<\/tbody>\n<\/table>\n<p>&nbsp;<\/p>\n<p class=\"p1\"><span class=\"s1\">C\u2019est une nuit fra\u00eeche dans le d\u00e9sert marocain. <\/span>Je m\u2019\u00e9gare dans un oasis o\u00f9 la v\u00e9g\u00e9tation est majestueuse et je d\u00e9guste une infusion \u00e0 la menthe. Les \u00e9toiles brillent encore plus que d\u2019ordinaire. C\u2019est un de ces moments <span class=\"s1\">dont je me rappellerai toute ma vie. Une \u00e9toile filante dans le ciel, vite, il faut faire un voeu!<\/span><\/p>\n","protected":false},"featured_media":6045,"comment_status":"open","ping_status":"closed","template":"","meta":[],"product_brand":[],"product_cat":[144,146],"product_tag":[],"class_list":{"0":"post-26399","1":"product","2":"type-product","3":"status-publish","4":"has-post-thumbnail","6":"product_cat-diffuseurs","7":"product_cat-maison","9":"first","10":"outofstock","11":"taxable","12":"shipping-taxable","13":"purchasable","14":"product-type-simple"},"_links":{"self":[{"href":"https:\/\/lunaribes.ch\/en\/wp-json\/wp\/v2\/product\/26399","targetHints":{"allow":["GET"]}}],"collection":[{"href":"https:\/\/lunaribes.ch\/en\/wp-json\/wp\/v2\/product"}],"about":[{"href":"https:\/\/lunaribes.ch\/en\/wp-json\/wp\/v2\/types\/product"}],"replies":[{"embeddable":true,"href":"https:\/\/lunaribes.ch\/en\/wp-json\/wp\/v2\/comments?post=26399"}],"wp:featuredmedia":[{"embeddable":true,"href":"https:\/\/lunaribes.ch\/en\/wp-json\/wp\/v2\/media\/6045"}],"wp:attachment":[{"href":"https:\/\/lunaribes.ch\/en\/wp-json\/wp\/v2\/media?parent=26399"}],"wp:term":[{"taxonomy":"product_brand","embeddable":true,"href":"https:\/\/lunaribes.ch\/en\/wp-json\/wp\/v2\/product_brand?post=26399"},{"taxonomy":"product_cat","embeddable":true,"href":"https:\/\/lunaribes.ch\/en\/wp-json\/wp\/v2\/product_cat?post=26399"},{"taxonomy":"product_tag","embeddable":true,"href":"https:\/\/lunaribes.ch\/en\/wp-json\/wp\/v2\/product_tag?post=26399"}],"curies":[{"name":"wp","href":"https:\/\/api.w.org\/{rel}","templated":true}]}}