{"id":26396,"date":"2024-12-12T10:46:47","date_gmt":"2024-12-12T09:46:47","guid":{"rendered":"https:\/\/lunaribes.ch\/?post_type=product&#038;p=26396"},"modified":"2025-12-11T17:57:52","modified_gmt":"2025-12-11T16:57:52","slug":"diffuseur-feuille-de-figuier","status":"publish","type":"product","link":"https:\/\/lunaribes.ch\/en\/produit\/diffuseur-feuille-de-figuier\/","title":{"rendered":"Diffuseur Feuille de Figuier"},"content":{"rendered":"","protected":false},"excerpt":{"rendered":"<style>\ntable tbody td, table thead th, body table.compare-list th {border-color: white;}\ntable {margin-top:-25px !important;margin-bottom:5px !important;}\n<\/style>\n<table style=\"background-color: #ffffff !important;\">\n<tbody>\n<tr>\n<td style=\"padding: 0px 10px 0px 10px;\" align=\"center\"><img decoding=\"async\" class=\"alignnone size-medium wp-image-9459\" role=\"img\" src=\"https:\/\/lunaribes.ch\/wp-content\/uploads\/2023\/01\/icone_DesignSuisse.svg\" alt=\"\" width=\"80\" height=\"80\" \/><\/td>\n<td style=\"padding: 0px 10px 0px 10px;\" align=\"center\"><img decoding=\"async\" class=\"alignnone size-medium wp-image-9461\" role=\"img\" src=\"https:\/\/lunaribes.ch\/wp-content\/uploads\/2023\/01\/icone_FaitMain.svg\" alt=\"\" width=\"80\" height=\"80\" \/><\/td>\n<td style=\"padding: 0px 10px 0px 10px;\" align=\"center\"><img decoding=\"async\" class=\"alignnone size-medium wp-image-9455\" role=\"img\" src=\"https:\/\/lunaribes.ch\/wp-content\/uploads\/2023\/01\/icone_Circuitcourt.svg\" alt=\"\" width=\"80\" height=\"80\" \/><\/td>\n<\/tr>\n<tr>\n<td style=\"color: black; font-size: 0.8em; padding: 0px;\" align=\"center\">Design suisse<\/td>\n<td style=\"color: black; font-size: 0.8em; padding: 0px;\" align=\"center\">Fait main<\/td>\n<td style=\"color: black; font-size: 0.8em; padding: 0px;\" align=\"center\">Circuit court<\/td>\n<\/tr>\n<\/tbody>\n<\/table>\n<p>&nbsp;<\/p>\n<p class=\"p1\"><span class=\"s1\">Elle me fait voyager sur la c\u00f4te m\u00e9diterran\u00e9enne. Un petit souffle parfum\u00e9 m\u2019envo\u00fbte lorsque je me baisse pour passer sous une branche de figuier. J\u2019admire ce magnifique paysage qui m\u2019inspire, ces feuillages \u00e9clatants et le bleu de la M\u00e9diterran\u00e9e.<\/span><\/p>\n","protected":false},"featured_media":6042,"comment_status":"closed","ping_status":"closed","template":"","meta":[],"product_brand":[],"product_cat":[144,146],"product_tag":[],"class_list":{"0":"post-26396","1":"product","2":"type-product","3":"status-publish","4":"has-post-thumbnail","6":"product_cat-diffuseurs","7":"product_cat-maison","9":"first","10":"outofstock","11":"taxable","12":"shipping-taxable","13":"purchasable","14":"product-type-simple"},"_links":{"self":[{"href":"https:\/\/lunaribes.ch\/en\/wp-json\/wp\/v2\/product\/26396","targetHints":{"allow":["GET"]}}],"collection":[{"href":"https:\/\/lunaribes.ch\/en\/wp-json\/wp\/v2\/product"}],"about":[{"href":"https:\/\/lunaribes.ch\/en\/wp-json\/wp\/v2\/types\/product"}],"replies":[{"embeddable":true,"href":"https:\/\/lunaribes.ch\/en\/wp-json\/wp\/v2\/comments?post=26396"}],"wp:featuredmedia":[{"embeddable":true,"href":"https:\/\/lunaribes.ch\/en\/wp-json\/wp\/v2\/media\/6042"}],"wp:attachment":[{"href":"https:\/\/lunaribes.ch\/en\/wp-json\/wp\/v2\/media?parent=26396"}],"wp:term":[{"taxonomy":"product_brand","embeddable":true,"href":"https:\/\/lunaribes.ch\/en\/wp-json\/wp\/v2\/product_brand?post=26396"},{"taxonomy":"product_cat","embeddable":true,"href":"https:\/\/lunaribes.ch\/en\/wp-json\/wp\/v2\/product_cat?post=26396"},{"taxonomy":"product_tag","embeddable":true,"href":"https:\/\/lunaribes.ch\/en\/wp-json\/wp\/v2\/product_tag?post=26396"}],"curies":[{"name":"wp","href":"https:\/\/api.w.org\/{rel}","templated":true}]}}