{"id":26388,"date":"2024-11-29T11:32:27","date_gmt":"2024-11-29T10:32:27","guid":{"rendered":"https:\/\/lunaribes.ch\/?post_type=product&#038;p=26388"},"modified":"2025-12-11T17:57:52","modified_gmt":"2025-12-11T16:57:52","slug":"panettone-tradition","status":"publish","type":"product","link":"https:\/\/lunaribes.ch\/en\/produit\/panettone-tradition\/","title":{"rendered":"Panettone Tradition"},"content":{"rendered":"<h4><span class=\"s1\"><b>La saison des panettones est lanc\u00e9e, c\u2019est ma p\u00e9riode de l\u2019ann\u00e9e pr\u00e9f\u00e9r\u00e9e\u2009!<\/b><\/span><\/h4>\n<p class=\"p1\"><span class=\"s1\">Ce panettone est fabriqu\u00e9 exclusivement \u00e0 partir de levain naturel dans le strict respect de la tradition boulang\u00e8re artisanale italienne. Une lente pr\u00e9paration de trois jours ainsi que l\u2019utilisation d\u2019ingr\u00e9dients s\u00e9lectionn\u00e9s avec soin donnent la vie \u00e0 ce d\u00e9licieux panettone.<span class=\"Apple-converted-space\"><br \/>\n<\/span><\/span><span class=\"s1\">Une explosion de saveurs qui rendra ce moment de d\u00e9gustation unique\u2009!<\/span><\/p>\n<p class=\"p1\"><span class=\"s2\">A d\u00e9guster sans mod\u00e9ration\u2009! Buon appetito.<\/span><\/p>\n","protected":false},"excerpt":{"rendered":"<p class=\"p1\">Parfois, il est agr\u00e9able d\u2019explorer quelque chose de diff\u00e9rent \u00e0 table.<br \/>\nUne combinaison inhabituelle capable de surprendre m\u00eame les traditionalistes les plus rigoureux.<span class=\"Apple-converted-space\"><br \/>\n<\/span>Ce panettone, recouvert d\u2019un gla\u00e7age \u00e0 la noisette, est fourr\u00e9 <span class=\"s1\">d\u2019abricot, de citron, de pulpe de papaye et d\u2019ananas confits, <\/span>dans une p\u00e2te traditionnelle compos\u00e9e d\u2019\u0153ufs frais, de farine s\u00e9lectionn\u00e9e et de beurre de premier choix.<\/p>\n","protected":false},"featured_media":9219,"comment_status":"open","ping_status":"closed","template":"","meta":[],"product_brand":[],"product_cat":[191],"product_tag":[],"class_list":{"0":"post-26388","1":"product","2":"type-product","3":"status-publish","4":"has-post-thumbnail","6":"product_cat-panettones","8":"first","9":"outofstock","10":"taxable","11":"shipping-taxable","12":"purchasable","13":"product-type-simple"},"_links":{"self":[{"href":"https:\/\/lunaribes.ch\/en\/wp-json\/wp\/v2\/product\/26388","targetHints":{"allow":["GET"]}}],"collection":[{"href":"https:\/\/lunaribes.ch\/en\/wp-json\/wp\/v2\/product"}],"about":[{"href":"https:\/\/lunaribes.ch\/en\/wp-json\/wp\/v2\/types\/product"}],"replies":[{"embeddable":true,"href":"https:\/\/lunaribes.ch\/en\/wp-json\/wp\/v2\/comments?post=26388"}],"wp:featuredmedia":[{"embeddable":true,"href":"https:\/\/lunaribes.ch\/en\/wp-json\/wp\/v2\/media\/9219"}],"wp:attachment":[{"href":"https:\/\/lunaribes.ch\/en\/wp-json\/wp\/v2\/media?parent=26388"}],"wp:term":[{"taxonomy":"product_brand","embeddable":true,"href":"https:\/\/lunaribes.ch\/en\/wp-json\/wp\/v2\/product_brand?post=26388"},{"taxonomy":"product_cat","embeddable":true,"href":"https:\/\/lunaribes.ch\/en\/wp-json\/wp\/v2\/product_cat?post=26388"},{"taxonomy":"product_tag","embeddable":true,"href":"https:\/\/lunaribes.ch\/en\/wp-json\/wp\/v2\/product_tag?post=26388"}],"curies":[{"name":"wp","href":"https:\/\/api.w.org\/{rel}","templated":true}]}}