{"id":26031,"date":"2024-09-06T12:22:05","date_gmt":"2024-09-06T10:22:05","guid":{"rendered":"https:\/\/lunaribes.ch\/?post_type=product&#038;p=26031"},"modified":"2025-12-11T17:57:53","modified_gmt":"2025-12-11T16:57:53","slug":"collier-sautoir-croix-avec-perles-en-roche-volcanique-et-graines-peintes","status":"publish","type":"product","link":"https:\/\/lunaribes.ch\/en\/produit\/collier-sautoir-croix-avec-perles-en-roche-volcanique-et-graines-peintes\/","title":{"rendered":"Collier Sautoir Croix avec perles en roche volcanique et graines peintes"},"content":{"rendered":"<p class=\"LC20lb MBeuO DKV0Md\">Plaqu\u00e9 or avec cristaux Swarovski et perles en roche volcanique et graines peintes.<\/p>\n<p><strong>Vertus de la roche volcanique<br \/>\n<\/strong>La roches volcanique symbolise la force et la transformation, offrant protection et \u00e9quilibre \u00e9nerg\u00e9tique \u00e0 ceux qui les portent. Leur origine volcanique conf\u00e8re aux bijoux une dimension mystique, alliant esth\u00e9tique et signification profonde.<\/p>\n","protected":false},"excerpt":{"rendered":"[bijou]\n","protected":false},"featured_media":26032,"comment_status":"closed","ping_status":"closed","template":"","meta":[],"product_brand":[],"product_cat":[94,98],"product_tag":[],"class_list":{"0":"post-26031","1":"product","2":"type-product","3":"status-publish","4":"has-post-thumbnail","6":"product_cat-bijoux","7":"product_cat-colliers","9":"first","10":"instock","11":"sold-individually","12":"taxable","13":"shipping-taxable","14":"purchasable","15":"product-type-simple"},"_links":{"self":[{"href":"https:\/\/lunaribes.ch\/en\/wp-json\/wp\/v2\/product\/26031","targetHints":{"allow":["GET"]}}],"collection":[{"href":"https:\/\/lunaribes.ch\/en\/wp-json\/wp\/v2\/product"}],"about":[{"href":"https:\/\/lunaribes.ch\/en\/wp-json\/wp\/v2\/types\/product"}],"replies":[{"embeddable":true,"href":"https:\/\/lunaribes.ch\/en\/wp-json\/wp\/v2\/comments?post=26031"}],"wp:featuredmedia":[{"embeddable":true,"href":"https:\/\/lunaribes.ch\/en\/wp-json\/wp\/v2\/media\/26032"}],"wp:attachment":[{"href":"https:\/\/lunaribes.ch\/en\/wp-json\/wp\/v2\/media?parent=26031"}],"wp:term":[{"taxonomy":"product_brand","embeddable":true,"href":"https:\/\/lunaribes.ch\/en\/wp-json\/wp\/v2\/product_brand?post=26031"},{"taxonomy":"product_cat","embeddable":true,"href":"https:\/\/lunaribes.ch\/en\/wp-json\/wp\/v2\/product_cat?post=26031"},{"taxonomy":"product_tag","embeddable":true,"href":"https:\/\/lunaribes.ch\/en\/wp-json\/wp\/v2\/product_tag?post=26031"}],"curies":[{"name":"wp","href":"https:\/\/api.w.org\/{rel}","templated":true}]}}