{"id":26015,"date":"2024-09-06T12:11:16","date_gmt":"2024-09-06T10:11:16","guid":{"rendered":"https:\/\/lunaribes.ch\/?post_type=product&#038;p=26015"},"modified":"2025-12-11T17:57:53","modified_gmt":"2025-12-11T16:57:53","slug":"collier-en-amethyste","status":"publish","type":"product","link":"https:\/\/lunaribes.ch\/en\/produit\/collier-en-amethyste\/","title":{"rendered":"Collier en am\u00e9thyste"},"content":{"rendered":"<p class=\"LC20lb MBeuO DKV0Md\">Collier en am\u00e9thyste.<\/p>\n<p><strong>Vertus de l\u2019am\u00e9thyste<\/strong><br \/>\nL\u2019am\u00e9thyste est r\u00e9put\u00e9e pour favoriser le calme, la s\u00e9r\u00e9nit\u00e9, la protection \u00e9nerg\u00e9tique, l\u2019\u00e9quilibre \u00e9motionnel, la clart\u00e9 mentale, la spiritualit\u00e9, la gu\u00e9rison physique et l\u2019\u00e9quilibre \u00e9nerg\u00e9tique.<\/p>\n","protected":false},"excerpt":{"rendered":"[bijou]\n","protected":false},"featured_media":26016,"comment_status":"closed","ping_status":"closed","template":"","meta":[],"product_brand":[],"product_cat":[94,98],"product_tag":[],"class_list":{"0":"post-26015","1":"product","2":"type-product","3":"status-publish","4":"has-post-thumbnail","6":"product_cat-bijoux","7":"product_cat-colliers","9":"first","10":"instock","11":"sold-individually","12":"taxable","13":"shipping-taxable","14":"purchasable","15":"product-type-simple"},"_links":{"self":[{"href":"https:\/\/lunaribes.ch\/en\/wp-json\/wp\/v2\/product\/26015","targetHints":{"allow":["GET"]}}],"collection":[{"href":"https:\/\/lunaribes.ch\/en\/wp-json\/wp\/v2\/product"}],"about":[{"href":"https:\/\/lunaribes.ch\/en\/wp-json\/wp\/v2\/types\/product"}],"replies":[{"embeddable":true,"href":"https:\/\/lunaribes.ch\/en\/wp-json\/wp\/v2\/comments?post=26015"}],"wp:featuredmedia":[{"embeddable":true,"href":"https:\/\/lunaribes.ch\/en\/wp-json\/wp\/v2\/media\/26016"}],"wp:attachment":[{"href":"https:\/\/lunaribes.ch\/en\/wp-json\/wp\/v2\/media?parent=26015"}],"wp:term":[{"taxonomy":"product_brand","embeddable":true,"href":"https:\/\/lunaribes.ch\/en\/wp-json\/wp\/v2\/product_brand?post=26015"},{"taxonomy":"product_cat","embeddable":true,"href":"https:\/\/lunaribes.ch\/en\/wp-json\/wp\/v2\/product_cat?post=26015"},{"taxonomy":"product_tag","embeddable":true,"href":"https:\/\/lunaribes.ch\/en\/wp-json\/wp\/v2\/product_tag?post=26015"}],"curies":[{"name":"wp","href":"https:\/\/api.w.org\/{rel}","templated":true}]}}