{"id":25858,"date":"2024-08-23T15:08:32","date_gmt":"2024-08-23T13:08:32","guid":{"rendered":"https:\/\/lunaribes.ch\/?post_type=product&#038;p=25858"},"modified":"2025-12-11T17:57:57","modified_gmt":"2025-12-11T16:57:57","slug":"bracelet-de-perles-en-quartz-rose","status":"publish","type":"product","link":"https:\/\/lunaribes.ch\/en\/produit\/bracelet-de-perles-en-quartz-rose\/","title":{"rendered":"Bracelet de perles en quartz rose"},"content":{"rendered":"<p class=\"LC20lb MBeuO DKV0Md\">Fermoir en acier inoxydable.<br \/>\nPerles en quartz rose.<\/p>\n<p><strong>Vertus du quartz rose<br \/>\n<\/strong>Le quartz rose, souvent appel\u00e9 la pierre de l&#8217;amour, est r\u00e9put\u00e9 pour ses vertus apaisantes et r\u00e9confortantes. En bijou, il diffuse une \u00e9nergie douce qui favorise l&#8217;amour, la tendresse et la gu\u00e9rison \u00e9motionnelle. Port\u00e9 pr\u00e8s du c\u0153ur, il aide \u00e0 ouvrir le chakra du c\u0153ur, renfor\u00e7ant ainsi la confiance en soi et la paix int\u00e9rieure.<\/p>\n","protected":false},"excerpt":{"rendered":"[bijou]\n","protected":false},"featured_media":25862,"comment_status":"closed","ping_status":"closed","template":"","meta":[],"product_brand":[],"product_cat":[94,95],"product_tag":[],"class_list":{"0":"post-25858","1":"product","2":"type-product","3":"status-publish","4":"has-post-thumbnail","6":"product_cat-bijoux","7":"product_cat-bracelets","9":"first","10":"outofstock","11":"sold-individually","12":"taxable","13":"shipping-taxable","14":"purchasable","15":"product-type-simple"},"_links":{"self":[{"href":"https:\/\/lunaribes.ch\/en\/wp-json\/wp\/v2\/product\/25858","targetHints":{"allow":["GET"]}}],"collection":[{"href":"https:\/\/lunaribes.ch\/en\/wp-json\/wp\/v2\/product"}],"about":[{"href":"https:\/\/lunaribes.ch\/en\/wp-json\/wp\/v2\/types\/product"}],"replies":[{"embeddable":true,"href":"https:\/\/lunaribes.ch\/en\/wp-json\/wp\/v2\/comments?post=25858"}],"wp:featuredmedia":[{"embeddable":true,"href":"https:\/\/lunaribes.ch\/en\/wp-json\/wp\/v2\/media\/25862"}],"wp:attachment":[{"href":"https:\/\/lunaribes.ch\/en\/wp-json\/wp\/v2\/media?parent=25858"}],"wp:term":[{"taxonomy":"product_brand","embeddable":true,"href":"https:\/\/lunaribes.ch\/en\/wp-json\/wp\/v2\/product_brand?post=25858"},{"taxonomy":"product_cat","embeddable":true,"href":"https:\/\/lunaribes.ch\/en\/wp-json\/wp\/v2\/product_cat?post=25858"},{"taxonomy":"product_tag","embeddable":true,"href":"https:\/\/lunaribes.ch\/en\/wp-json\/wp\/v2\/product_tag?post=25858"}],"curies":[{"name":"wp","href":"https:\/\/api.w.org\/{rel}","templated":true}]}}