{"id":25851,"date":"2024-08-23T14:59:08","date_gmt":"2024-08-23T12:59:08","guid":{"rendered":"https:\/\/lunaribes.ch\/?post_type=product&#038;p=25851"},"modified":"2025-12-11T17:57:57","modified_gmt":"2025-12-11T16:57:57","slug":"bracelet-de-perles-en-cristal-de-roche","status":"publish","type":"product","link":"https:\/\/lunaribes.ch\/en\/produit\/bracelet-de-perles-en-cristal-de-roche\/","title":{"rendered":"Bracelet de perles en cristal de roche"},"content":{"rendered":"<p class=\"LC20lb MBeuO DKV0Md\">Fermoir en acier inoxydable.<br \/>\nPerles en pierre de lune.<\/p>\n<p><strong>Vertus du cristal de roche<br \/>\n<\/strong>Le cristal de roche est une pierre semi-pr\u00e9cieuse reconnue pour amplifier l\u2019\u00e9nergie, clarifier les pens\u00e9es, et \u00e9quilibrer les \u00e9nergies. Utilis\u00e9 en gu\u00e9rison, il purifie le corps et l\u2019esprit, prot\u00e8ge contre les \u00e9nergies n\u00e9gatives et favorise le d\u00e9veloppement spirituel. Polyvalent, il purifie \u00e9galement l\u2019environnement et d\u2019autres cristaux.<\/p>\n","protected":false},"excerpt":{"rendered":"[bijou]\n","protected":false},"featured_media":25855,"comment_status":"closed","ping_status":"closed","template":"","meta":[],"product_brand":[],"product_cat":[94,95],"product_tag":[],"class_list":{"0":"post-25851","1":"product","2":"type-product","3":"status-publish","4":"has-post-thumbnail","6":"product_cat-bijoux","7":"product_cat-bracelets","9":"first","10":"outofstock","11":"sold-individually","12":"taxable","13":"shipping-taxable","14":"purchasable","15":"product-type-simple"},"_links":{"self":[{"href":"https:\/\/lunaribes.ch\/en\/wp-json\/wp\/v2\/product\/25851","targetHints":{"allow":["GET"]}}],"collection":[{"href":"https:\/\/lunaribes.ch\/en\/wp-json\/wp\/v2\/product"}],"about":[{"href":"https:\/\/lunaribes.ch\/en\/wp-json\/wp\/v2\/types\/product"}],"replies":[{"embeddable":true,"href":"https:\/\/lunaribes.ch\/en\/wp-json\/wp\/v2\/comments?post=25851"}],"wp:featuredmedia":[{"embeddable":true,"href":"https:\/\/lunaribes.ch\/en\/wp-json\/wp\/v2\/media\/25855"}],"wp:attachment":[{"href":"https:\/\/lunaribes.ch\/en\/wp-json\/wp\/v2\/media?parent=25851"}],"wp:term":[{"taxonomy":"product_brand","embeddable":true,"href":"https:\/\/lunaribes.ch\/en\/wp-json\/wp\/v2\/product_brand?post=25851"},{"taxonomy":"product_cat","embeddable":true,"href":"https:\/\/lunaribes.ch\/en\/wp-json\/wp\/v2\/product_cat?post=25851"},{"taxonomy":"product_tag","embeddable":true,"href":"https:\/\/lunaribes.ch\/en\/wp-json\/wp\/v2\/product_tag?post=25851"}],"curies":[{"name":"wp","href":"https:\/\/api.w.org\/{rel}","templated":true}]}}