{"id":25844,"date":"2024-08-23T14:56:32","date_gmt":"2024-08-23T12:56:32","guid":{"rendered":"https:\/\/lunaribes.ch\/?post_type=product&#038;p=25844"},"modified":"2025-12-11T17:57:58","modified_gmt":"2025-12-11T16:57:58","slug":"bracelet-de-perles-en-pierre-de-lune-2","status":"publish","type":"product","link":"https:\/\/lunaribes.ch\/en\/produit\/bracelet-de-perles-en-pierre-de-lune-2\/","title":{"rendered":"Bracelet de perles en pierre de lune"},"content":{"rendered":"<p class=\"LC20lb MBeuO DKV0Md\">Fermoir en acier inoxydable.<br \/>\nPerles en pierre de lune.<\/p>\n<p><strong>Vertus de la pierre de lune<br \/>\n<\/strong>La pierre de lune est souvent associ\u00e9e \u00e0 des vertus telles que l\u2019\u00e9quilibre \u00e9motionnel, l\u2019intuition, l\u2019\u00e9nergie f\u00e9minine, le sommeil et les r\u00eaves, ainsi que la protection et la chance.<\/p>\n","protected":false},"excerpt":{"rendered":"[bijou]\n","protected":false},"featured_media":25848,"comment_status":"closed","ping_status":"closed","template":"","meta":[],"product_brand":[],"product_cat":[94,95],"product_tag":[],"class_list":{"0":"post-25844","1":"product","2":"type-product","3":"status-publish","4":"has-post-thumbnail","6":"product_cat-bijoux","7":"product_cat-bracelets","9":"first","10":"outofstock","11":"sold-individually","12":"taxable","13":"shipping-taxable","14":"purchasable","15":"product-type-simple"},"_links":{"self":[{"href":"https:\/\/lunaribes.ch\/en\/wp-json\/wp\/v2\/product\/25844","targetHints":{"allow":["GET"]}}],"collection":[{"href":"https:\/\/lunaribes.ch\/en\/wp-json\/wp\/v2\/product"}],"about":[{"href":"https:\/\/lunaribes.ch\/en\/wp-json\/wp\/v2\/types\/product"}],"replies":[{"embeddable":true,"href":"https:\/\/lunaribes.ch\/en\/wp-json\/wp\/v2\/comments?post=25844"}],"wp:featuredmedia":[{"embeddable":true,"href":"https:\/\/lunaribes.ch\/en\/wp-json\/wp\/v2\/media\/25848"}],"wp:attachment":[{"href":"https:\/\/lunaribes.ch\/en\/wp-json\/wp\/v2\/media?parent=25844"}],"wp:term":[{"taxonomy":"product_brand","embeddable":true,"href":"https:\/\/lunaribes.ch\/en\/wp-json\/wp\/v2\/product_brand?post=25844"},{"taxonomy":"product_cat","embeddable":true,"href":"https:\/\/lunaribes.ch\/en\/wp-json\/wp\/v2\/product_cat?post=25844"},{"taxonomy":"product_tag","embeddable":true,"href":"https:\/\/lunaribes.ch\/en\/wp-json\/wp\/v2\/product_tag?post=25844"}],"curies":[{"name":"wp","href":"https:\/\/api.w.org\/{rel}","templated":true}]}}