{"id":25822,"date":"2024-08-21T13:04:39","date_gmt":"2024-08-21T11:04:39","guid":{"rendered":"https:\/\/lunaribes.ch\/?post_type=product&#038;p=25822"},"modified":"2025-12-11T17:57:58","modified_gmt":"2025-12-11T16:57:58","slug":"collier-de-perles-de-turquoise-sur-3-niveaux-poisson-palmier-cactus","status":"publish","type":"product","link":"https:\/\/lunaribes.ch\/en\/produit\/collier-de-perles-de-turquoise-sur-3-niveaux-poisson-palmier-cactus\/","title":{"rendered":"Collier de perles de turquoise sur 3 niveaux, poisson, palmier, cactus"},"content":{"rendered":"<p class=\"LC20lb MBeuO DKV0Md\">Plaqu\u00e9 or avec zirconias et perles de turquoise et d&#8217;oeil-de-tigre.<br \/>\nFermoir en acier inoxydable.<\/p>\n<p><strong>Vertus de la turquoise<br \/>\n<\/strong>La turquoise est souvent associ\u00e9e \u00e0 des vertus de protection, d&#8217;\u00e9quilibre \u00e9motionnel, de communication, de gu\u00e9rison physique, ainsi que de bonheur et de chance.<\/p>\n<p><strong>Vertus de l\u2019Oeil-de-tigre<br \/>\n<\/strong>L\u2019\u0152il-de-Tigre est r\u00e9put\u00e9e pour ses vertus protectrices et \u00e9nerg\u00e9tiques. Elle est souvent port\u00e9e pour renforcer la confiance en soi, apporter courage et \u00e9quilibre \u00e9motionnel. Elle est \u00e9galement connue pour repousser les \u00e9nergies n\u00e9gatives et favoriser la clart\u00e9 mentale, aidant ainsi \u00e0 prendre des d\u00e9cisions \u00e9clair\u00e9es. Elle est un symbole de protection et de force int\u00e9rieur.<\/p>\n","protected":false},"excerpt":{"rendered":"[bijou]\n","protected":false},"featured_media":25690,"comment_status":"closed","ping_status":"closed","template":"","meta":[],"product_brand":[],"product_cat":[94,98],"product_tag":[],"class_list":{"0":"post-25822","1":"product","2":"type-product","3":"status-publish","4":"has-post-thumbnail","6":"product_cat-bijoux","7":"product_cat-colliers","9":"first","10":"instock","11":"sold-individually","12":"taxable","13":"shipping-taxable","14":"purchasable","15":"product-type-simple"},"_links":{"self":[{"href":"https:\/\/lunaribes.ch\/en\/wp-json\/wp\/v2\/product\/25822","targetHints":{"allow":["GET"]}}],"collection":[{"href":"https:\/\/lunaribes.ch\/en\/wp-json\/wp\/v2\/product"}],"about":[{"href":"https:\/\/lunaribes.ch\/en\/wp-json\/wp\/v2\/types\/product"}],"replies":[{"embeddable":true,"href":"https:\/\/lunaribes.ch\/en\/wp-json\/wp\/v2\/comments?post=25822"}],"wp:featuredmedia":[{"embeddable":true,"href":"https:\/\/lunaribes.ch\/en\/wp-json\/wp\/v2\/media\/25690"}],"wp:attachment":[{"href":"https:\/\/lunaribes.ch\/en\/wp-json\/wp\/v2\/media?parent=25822"}],"wp:term":[{"taxonomy":"product_brand","embeddable":true,"href":"https:\/\/lunaribes.ch\/en\/wp-json\/wp\/v2\/product_brand?post=25822"},{"taxonomy":"product_cat","embeddable":true,"href":"https:\/\/lunaribes.ch\/en\/wp-json\/wp\/v2\/product_cat?post=25822"},{"taxonomy":"product_tag","embeddable":true,"href":"https:\/\/lunaribes.ch\/en\/wp-json\/wp\/v2\/product_tag?post=25822"}],"curies":[{"name":"wp","href":"https:\/\/api.w.org\/{rel}","templated":true}]}}