{"id":25818,"date":"2024-08-21T12:46:56","date_gmt":"2024-08-21T10:46:56","guid":{"rendered":"https:\/\/lunaribes.ch\/?post_type=product&#038;p=25818"},"modified":"2025-12-11T17:57:58","modified_gmt":"2025-12-11T16:57:58","slug":"collier-de-perles-de-lapis-lazuli-cristal-de-roche-pendentif-epee","status":"publish","type":"product","link":"https:\/\/lunaribes.ch\/en\/produit\/collier-de-perles-de-lapis-lazuli-cristal-de-roche-pendentif-epee\/","title":{"rendered":"Collier de perles de lapis lazuli, cristal de roche et pendentif \u00c9p\u00e9e peint \u00e0 la main"},"content":{"rendered":"<p class=\"LC20lb MBeuO DKV0Md\">Plaqu\u00e9 or, peint \u00e0 la main, avec zirconias, perles de lapis lazuli et perles de cristal de roche.<br \/>\nFermoir en acier inoxydable.<\/p>\n<p><strong>Vertus du lapis lazulis<br \/>\n<\/strong>Le lapis lazuli est souvent associ\u00e9 \u00e0 des vertus de sagesse, de clart\u00e9 mentale, de communication, de spiritualit\u00e9, d\u2019\u00e9quilibre \u00e9motionnel et de protection.<\/p>\n<p><strong>Vertus du cristal de roche<br \/>\n<\/strong>Le cristal de roche est une pierre semi-pr\u00e9cieuse reconnue pour amplifier l\u2019\u00e9nergie, clarifier les pens\u00e9es, et \u00e9quilibrer les \u00e9nergies. Utilis\u00e9 en gu\u00e9rison, il purifie le corps et l\u2019esprit, prot\u00e8ge contre les \u00e9nergies n\u00e9gatives et favorise le d\u00e9veloppement spirituel. Polyvalent, il purifie \u00e9galement l\u2019environnement et d\u2019autres cristaux.<\/p>\n","protected":false},"excerpt":{"rendered":"[bijou]\n","protected":false},"featured_media":25696,"comment_status":"closed","ping_status":"closed","template":"","meta":[],"product_brand":[],"product_cat":[94,98],"product_tag":[],"class_list":{"0":"post-25818","1":"product","2":"type-product","3":"status-publish","4":"has-post-thumbnail","6":"product_cat-bijoux","7":"product_cat-colliers","9":"first","10":"instock","11":"sold-individually","12":"taxable","13":"shipping-taxable","14":"purchasable","15":"product-type-simple"},"_links":{"self":[{"href":"https:\/\/lunaribes.ch\/en\/wp-json\/wp\/v2\/product\/25818","targetHints":{"allow":["GET"]}}],"collection":[{"href":"https:\/\/lunaribes.ch\/en\/wp-json\/wp\/v2\/product"}],"about":[{"href":"https:\/\/lunaribes.ch\/en\/wp-json\/wp\/v2\/types\/product"}],"replies":[{"embeddable":true,"href":"https:\/\/lunaribes.ch\/en\/wp-json\/wp\/v2\/comments?post=25818"}],"wp:featuredmedia":[{"embeddable":true,"href":"https:\/\/lunaribes.ch\/en\/wp-json\/wp\/v2\/media\/25696"}],"wp:attachment":[{"href":"https:\/\/lunaribes.ch\/en\/wp-json\/wp\/v2\/media?parent=25818"}],"wp:term":[{"taxonomy":"product_brand","embeddable":true,"href":"https:\/\/lunaribes.ch\/en\/wp-json\/wp\/v2\/product_brand?post=25818"},{"taxonomy":"product_cat","embeddable":true,"href":"https:\/\/lunaribes.ch\/en\/wp-json\/wp\/v2\/product_cat?post=25818"},{"taxonomy":"product_tag","embeddable":true,"href":"https:\/\/lunaribes.ch\/en\/wp-json\/wp\/v2\/product_tag?post=25818"}],"curies":[{"name":"wp","href":"https:\/\/api.w.org\/{rel}","templated":true}]}}