{"id":25811,"date":"2024-08-19T12:48:26","date_gmt":"2024-08-19T10:48:26","guid":{"rendered":"https:\/\/lunaribes.ch\/?post_type=product&#038;p=25811"},"modified":"2025-12-11T17:57:59","modified_gmt":"2025-12-11T16:57:59","slug":"sautoir-en-perle-turquoises-avec-pendentif-coeur","status":"publish","type":"product","link":"https:\/\/lunaribes.ch\/en\/produit\/sautoir-en-perle-turquoises-avec-pendentif-coeur\/","title":{"rendered":"Collier sautoir en perle turquoises avec pendentif coeur"},"content":{"rendered":"<p class=\"LC20lb MBeuO DKV0Md\">Perles de turquoise.<br \/>\nFermoir en acier inoxydable.<\/p>\n<p><strong>Vertus de la turquoise<br \/>\n<\/strong>La turquoise est souvent associ\u00e9e \u00e0 des vertus de protection, d&#8217;\u00e9quilibre \u00e9motionnel, de communication, de gu\u00e9rison physique, ainsi que de bonheur et de chance.<\/p>\n","protected":false},"excerpt":{"rendered":"[bijou]\n","protected":false},"featured_media":25675,"comment_status":"closed","ping_status":"closed","template":"","meta":[],"product_brand":[],"product_cat":[94,98],"product_tag":[],"class_list":{"0":"post-25811","1":"product","2":"type-product","3":"status-publish","4":"has-post-thumbnail","6":"product_cat-bijoux","7":"product_cat-colliers","9":"first","10":"outofstock","11":"sold-individually","12":"taxable","13":"shipping-taxable","14":"purchasable","15":"product-type-simple"},"_links":{"self":[{"href":"https:\/\/lunaribes.ch\/en\/wp-json\/wp\/v2\/product\/25811","targetHints":{"allow":["GET"]}}],"collection":[{"href":"https:\/\/lunaribes.ch\/en\/wp-json\/wp\/v2\/product"}],"about":[{"href":"https:\/\/lunaribes.ch\/en\/wp-json\/wp\/v2\/types\/product"}],"replies":[{"embeddable":true,"href":"https:\/\/lunaribes.ch\/en\/wp-json\/wp\/v2\/comments?post=25811"}],"wp:featuredmedia":[{"embeddable":true,"href":"https:\/\/lunaribes.ch\/en\/wp-json\/wp\/v2\/media\/25675"}],"wp:attachment":[{"href":"https:\/\/lunaribes.ch\/en\/wp-json\/wp\/v2\/media?parent=25811"}],"wp:term":[{"taxonomy":"product_brand","embeddable":true,"href":"https:\/\/lunaribes.ch\/en\/wp-json\/wp\/v2\/product_brand?post=25811"},{"taxonomy":"product_cat","embeddable":true,"href":"https:\/\/lunaribes.ch\/en\/wp-json\/wp\/v2\/product_cat?post=25811"},{"taxonomy":"product_tag","embeddable":true,"href":"https:\/\/lunaribes.ch\/en\/wp-json\/wp\/v2\/product_tag?post=25811"}],"curies":[{"name":"wp","href":"https:\/\/api.w.org\/{rel}","templated":true}]}}