{"id":25720,"date":"2024-06-28T12:57:33","date_gmt":"2024-06-28T10:57:33","guid":{"rendered":"https:\/\/lunaribes.ch\/?post_type=product&#038;p=25720"},"modified":"2025-12-11T17:57:59","modified_gmt":"2025-12-11T16:57:59","slug":"collier-de-perles-en-amazonite-etoile","status":"publish","type":"product","link":"https:\/\/lunaribes.ch\/en\/produit\/collier-de-perles-en-amazonite-etoile\/","title":{"rendered":"Collier de perles en amazonite et \u00e9toile"},"content":{"rendered":"<p class=\"LC20lb MBeuO DKV0Md\">Plaqu\u00e9 or avec zirconias et perles en amazonite.<br \/>\nFermoir en acier inoxydable.<\/p>\n<p><strong>Vertus de l&#8217;amazonite<br \/>\n<\/strong>L&#8217;amazonite est souvent associ\u00e9e \u00e0 des vertus de calme, d&#8217;\u00e9quilibre \u00e9motionnel, de communication, d&#8217;harmonie relationnelle et de confiance en soi.<\/p>\n","protected":false},"excerpt":{"rendered":"[bijou]\n","protected":false},"featured_media":25702,"comment_status":"closed","ping_status":"closed","template":"","meta":[],"product_brand":[],"product_cat":[94,98],"product_tag":[],"class_list":{"0":"post-25720","1":"product","2":"type-product","3":"status-publish","4":"has-post-thumbnail","6":"product_cat-bijoux","7":"product_cat-colliers","9":"first","10":"instock","11":"sold-individually","12":"taxable","13":"shipping-taxable","14":"purchasable","15":"product-type-simple"},"_links":{"self":[{"href":"https:\/\/lunaribes.ch\/en\/wp-json\/wp\/v2\/product\/25720","targetHints":{"allow":["GET"]}}],"collection":[{"href":"https:\/\/lunaribes.ch\/en\/wp-json\/wp\/v2\/product"}],"about":[{"href":"https:\/\/lunaribes.ch\/en\/wp-json\/wp\/v2\/types\/product"}],"replies":[{"embeddable":true,"href":"https:\/\/lunaribes.ch\/en\/wp-json\/wp\/v2\/comments?post=25720"}],"wp:featuredmedia":[{"embeddable":true,"href":"https:\/\/lunaribes.ch\/en\/wp-json\/wp\/v2\/media\/25702"}],"wp:attachment":[{"href":"https:\/\/lunaribes.ch\/en\/wp-json\/wp\/v2\/media?parent=25720"}],"wp:term":[{"taxonomy":"product_brand","embeddable":true,"href":"https:\/\/lunaribes.ch\/en\/wp-json\/wp\/v2\/product_brand?post=25720"},{"taxonomy":"product_cat","embeddable":true,"href":"https:\/\/lunaribes.ch\/en\/wp-json\/wp\/v2\/product_cat?post=25720"},{"taxonomy":"product_tag","embeddable":true,"href":"https:\/\/lunaribes.ch\/en\/wp-json\/wp\/v2\/product_tag?post=25720"}],"curies":[{"name":"wp","href":"https:\/\/api.w.org\/{rel}","templated":true}]}}