{"id":25608,"date":"2024-06-17T15:11:11","date_gmt":"2024-06-17T13:11:11","guid":{"rendered":"https:\/\/lunaribes.ch\/?post_type=product&#038;p=25608"},"modified":"2025-11-03T15:06:32","modified_gmt":"2025-11-03T14:06:32","slug":"bague-barrette-rouge","status":"publish","type":"product","link":"https:\/\/lunaribes.ch\/en\/produit\/bague-barrette-rouge\/","title":{"rendered":"Bague Barrette Rouge"},"content":{"rendered":"<p>Luna Ribes &#8211; Bague Barrette &#8211; Plaqu\u00e9 or et peinte \u00e0 la main &#8211; La taille de la bague est adaptable \u00e0 tous les doigts.<\/p>\n","protected":false},"excerpt":{"rendered":"[bijou]\n","protected":false},"featured_media":25576,"comment_status":"closed","ping_status":"closed","template":"","meta":[],"product_brand":[],"product_cat":[410,94],"product_tag":[],"class_list":{"0":"post-25608","1":"product","2":"type-product","3":"status-publish","4":"has-post-thumbnail","6":"product_cat-bagues","7":"product_cat-bijoux","9":"first","10":"outofstock","11":"sold-individually","12":"taxable","13":"shipping-taxable","14":"purchasable","15":"product-type-simple"},"_links":{"self":[{"href":"https:\/\/lunaribes.ch\/en\/wp-json\/wp\/v2\/product\/25608","targetHints":{"allow":["GET"]}}],"collection":[{"href":"https:\/\/lunaribes.ch\/en\/wp-json\/wp\/v2\/product"}],"about":[{"href":"https:\/\/lunaribes.ch\/en\/wp-json\/wp\/v2\/types\/product"}],"replies":[{"embeddable":true,"href":"https:\/\/lunaribes.ch\/en\/wp-json\/wp\/v2\/comments?post=25608"}],"wp:featuredmedia":[{"embeddable":true,"href":"https:\/\/lunaribes.ch\/en\/wp-json\/wp\/v2\/media\/25576"}],"wp:attachment":[{"href":"https:\/\/lunaribes.ch\/en\/wp-json\/wp\/v2\/media?parent=25608"}],"wp:term":[{"taxonomy":"product_brand","embeddable":true,"href":"https:\/\/lunaribes.ch\/en\/wp-json\/wp\/v2\/product_brand?post=25608"},{"taxonomy":"product_cat","embeddable":true,"href":"https:\/\/lunaribes.ch\/en\/wp-json\/wp\/v2\/product_cat?post=25608"},{"taxonomy":"product_tag","embeddable":true,"href":"https:\/\/lunaribes.ch\/en\/wp-json\/wp\/v2\/product_tag?post=25608"}],"curies":[{"name":"wp","href":"https:\/\/api.w.org\/{rel}","templated":true}]}}