{"id":9804,"date":"2019-06-24T15:19:18","date_gmt":"2019-06-24T13:19:18","guid":{"rendered":"https:\/\/lunaribes.ch\/boutiques\/"},"modified":"2023-07-03T10:20:29","modified_gmt":"2023-07-03T08:20:29","slug":"boutiques","status":"publish","type":"page","link":"https:\/\/lunaribes.ch\/en\/boutiques\/","title":{"rendered":"Boutiques"},"content":{"rendered":"\t\t<div data-elementor-type=\"wp-post\" data-elementor-id=\"9804\" class=\"elementor elementor-9804 elementor-94\" data-elementor-post-type=\"page\">\n\t\t\t\t\t\t<section class=\"elementor-section elementor-top-section elementor-element elementor-element-d74b918 elementor-section-boxed elementor-section-height-default elementor-section-height-default\" data-id=\"d74b918\" data-element_type=\"section\">\n\t\t\t\t\t\t<div class=\"elementor-container elementor-column-gap-default\">\n\t\t\t\t\t<div class=\"elementor-column elementor-col-100 elementor-top-column elementor-element elementor-element-545e6c0\" data-id=\"545e6c0\" data-element_type=\"column\">\n\t\t\t<div class=\"elementor-widget-wrap elementor-element-populated\">\n\t\t\t\t\t\t<div class=\"elementor-element elementor-element-76e88869 elementor-widget elementor-widget-spacer\" data-id=\"76e88869\" data-element_type=\"widget\" data-widget_type=\"spacer.default\">\n\t\t\t\t\t\t\t<div class=\"elementor-spacer\">\n\t\t\t<div class=\"elementor-spacer-inner\"><\/div>\n\t\t<\/div>\n\t\t\t\t\t\t<\/div>\n\t\t\t\t\t<\/div>\n\t\t<\/div>\n\t\t\t\t\t<\/div>\n\t\t<\/section>\n\t\t\t\t<section class=\"elementor-section elementor-top-section elementor-element elementor-element-64d8b02 elementor-section-boxed elementor-section-height-default elementor-section-height-default\" data-id=\"64d8b02\" data-element_type=\"section\">\n\t\t\t\t\t\t<div class=\"elementor-container elementor-column-gap-default\">\n\t\t\t\t\t<div class=\"elementor-column elementor-col-100 elementor-top-column elementor-element elementor-element-895bf3e\" data-id=\"895bf3e\" data-element_type=\"column\">\n\t\t\t<div class=\"elementor-widget-wrap\">\n\t\t\t\t\t\t\t<\/div>\n\t\t<\/div>\n\t\t\t\t\t<\/div>\n\t\t<\/section>\n\t\t\t\t<section class=\"elementor-section elementor-top-section elementor-element elementor-element-bd551c6 elementor-section-boxed elementor-section-height-default elementor-section-height-default\" data-id=\"bd551c6\" data-element_type=\"section\">\n\t\t\t\t\t\t<div class=\"elementor-container elementor-column-gap-default\">\n\t\t\t\t\t<div class=\"elementor-column elementor-col-100 elementor-top-column elementor-element elementor-element-6735894\" data-id=\"6735894\" data-element_type=\"column\">\n\t\t\t<div class=\"elementor-widget-wrap elementor-element-populated\">\n\t\t\t\t\t\t<div class=\"elementor-element elementor-element-c0064a3 elementor-widget elementor-widget-spacer\" data-id=\"c0064a3\" data-element_type=\"widget\" data-widget_type=\"spacer.default\">\n\t\t\t\t\t\t\t<div class=\"elementor-spacer\">\n\t\t\t<div class=\"elementor-spacer-inner\"><\/div>\n\t\t<\/div>\n\t\t\t\t\t\t<\/div>\n\t\t\t\t\t<\/div>\n\t\t<\/div>\n\t\t\t\t\t<\/div>\n\t\t<\/section>\n\t\t\t\t<\/div>\n\t\t","protected":false},"excerpt":{"rendered":"<p>Miami Coming Soon : MiamiFirst shop in the USA Cap-Ferrat Grand-H\u00f4tel du Cap-Ferrat+33 (0) 4 93 76 50 80Boulevard du G\u00e9n\u00e9ral de Gaulle 71FR-06230 Saint-Jean-Cap-Ferrat Crans-Montana Alex Sports+41 27 481 40 61Rue du Prado 31CH-3963 Crans-Montana Fribourg Boutique FUN+41 26 323 13 33Rue de Romont 8CH-1700 Fribourg Gen\u00e8ve (Rive Gauche) H\u00f4tel des Bergues+41 (0)22 908 [&hellip;]<\/p>\n","protected":false},"author":1,"featured_media":0,"parent":0,"menu_order":0,"comment_status":"closed","ping_status":"closed","template":"","meta":{"footnotes":""},"class_list":["post-9804","page","type-page","status-publish","hentry"],"_links":{"self":[{"href":"https:\/\/lunaribes.ch\/en\/wp-json\/wp\/v2\/pages\/9804","targetHints":{"allow":["GET"]}}],"collection":[{"href":"https:\/\/lunaribes.ch\/en\/wp-json\/wp\/v2\/pages"}],"about":[{"href":"https:\/\/lunaribes.ch\/en\/wp-json\/wp\/v2\/types\/page"}],"author":[{"embeddable":true,"href":"https:\/\/lunaribes.ch\/en\/wp-json\/wp\/v2\/users\/1"}],"replies":[{"embeddable":true,"href":"https:\/\/lunaribes.ch\/en\/wp-json\/wp\/v2\/comments?post=9804"}],"version-history":[{"count":0,"href":"https:\/\/lunaribes.ch\/en\/wp-json\/wp\/v2\/pages\/9804\/revisions"}],"wp:attachment":[{"href":"https:\/\/lunaribes.ch\/en\/wp-json\/wp\/v2\/media?parent=9804"}],"curies":[{"name":"wp","href":"https:\/\/api.w.org\/{rel}","templated":true}]}}