{"id":25252,"date":"2019-06-24T15:21:31","date_gmt":"2019-06-24T13:21:31","guid":{"rendered":"https:\/\/lunaribes.ch\/after-ski-offer\/"},"modified":"2024-02-23T17:02:10","modified_gmt":"2024-02-23T16:02:10","slug":"after-ski-offer","status":"publish","type":"page","link":"https:\/\/lunaribes.ch\/en\/after-ski-offer\/","title":{"rendered":"After Ski offer"},"content":{"rendered":"\t\t<div data-elementor-type=\"wp-post\" data-elementor-id=\"25252\" class=\"elementor elementor-25252 elementor-6250\" data-elementor-post-type=\"page\">\n\t\t\t\t\t\t<section class=\"elementor-section elementor-top-section elementor-element elementor-element-2137ad2 elementor-section-stretched elementor-section-full_width elementor-section-height-default elementor-section-height-default\" data-id=\"2137ad2\" data-element_type=\"section\" data-settings=\"{&quot;stretch_section&quot;:&quot;section-stretched&quot;}\">\n\t\t\t\t\t\t<div class=\"elementor-container elementor-column-gap-wide\">\n\t\t\t\t\t<div class=\"elementor-column elementor-col-100 elementor-top-column elementor-element elementor-element-bed5cdb\" data-id=\"bed5cdb\" data-element_type=\"column\">\n\t\t\t<div class=\"elementor-widget-wrap\">\n\t\t\t\t\t\t\t<\/div>\n\t\t<\/div>\n\t\t\t\t\t<\/div>\n\t\t<\/section>\n\t\t\t\t<section class=\"elementor-section elementor-top-section elementor-element elementor-element-d5c1792 elementor-section-boxed elementor-section-height-default elementor-section-height-default\" data-id=\"d5c1792\" data-element_type=\"section\">\n\t\t\t\t\t\t<div class=\"elementor-container elementor-column-gap-default\">\n\t\t\t\t\t<div class=\"elementor-column elementor-col-33 elementor-top-column elementor-element elementor-element-f46c037\" data-id=\"f46c037\" data-element_type=\"column\">\n\t\t\t<div class=\"elementor-widget-wrap elementor-element-populated\">\n\t\t\t\t\t\t<div class=\"elementor-element elementor-element-25b88e8 elementor-grid-1 elementor-grid-tablet-3 elementor-grid-mobile-2 elementor-products-grid elementor-wc-products elementor-widget elementor-widget-woocommerce-products\" data-id=\"25b88e8\" data-element_type=\"widget\" data-widget_type=\"woocommerce-products.default\">\n\t\t\t\t<div class=\"elementor-widget-container\">\n\t\t\t\t\t<div class=\"woocommerce columns-1 \"><div class=\"products\"><section class=\"product type-product post-6059 status-publish first outofstock product_cat-bougies has-post-thumbnail taxable shipping-taxable purchasable product-type-simple\" data-product_id=\"6059\">\n\t<div class=\"product-wrapper\">\n\t\t\t\n\t\t<div class=\"thumbnail-wrapper\">\n\t\t\t<a href=\"https:\/\/lunaribes.ch\/en\/produit\/bougie-lapres-ski\/\">\n\n\t\t\t\t<figure class=\"no-back-image\"><img fetchpriority=\"high\" decoding=\"async\" src=\"https:\/\/lunaribes.ch\/wp-content\/themes\/loobek\/images\/prod_loading.gif\" data-src=\"https:\/\/lunaribes.ch\/wp-content\/uploads\/2021\/12\/Bougie-Petite-Boite-cylindre-et-pot-SKI-2021-600x799.png\" class=\"attachment-shop_catalog wp-post-image ts-lazy-load\" alt=\"\" width=\"600\" height=\"799\" \/><\/figure>\n\t\t\t<\/a>\n\t\t\t\t\t<div class=\"product-label\">\n\t<span class=\"out-of-stock\">En rupture de stock<\/span>\t<\/div>\n\t<div class=\"product-group-button\">\t\t<div class=\"button-in wishlist\">\n\t\t\t<a href=\"#\" class=\"ts-add-to-wishlist remove-after-added\" data-id=\"6059\">\n\t\t\t\t<span class=\"ts-tooltip button-tooltip\" data-title=\"Add to wishlist\">Wishlist<\/span>\n\t\t\t<\/a>\n\t\t<\/div>\n\t\t<div class=\"button-in quickshop\"><a class=\"quickshop\" href=\"#\" data-product_id=\"6059\"><span class=\"ts-tooltip button-tooltip\">Quick view<\/span><\/a><\/div>\t\t<div class=\"button-in compare\">\n\t\t\t<a href=\"#\" class=\"ts-add-to-compare\" data-id=\"6059\">\n\t\t\t\t<span class=\"ts-tooltip button-tooltip\" data-title=\"Add to compare\">Compare<\/span>\n\t\t\t<\/a>\n\t\t<\/div>\n\t\t<div class=\"loop-add-to-cart\"><a href=\"https:\/\/lunaribes.ch\/en\/produit\/bougie-lapres-ski\/\" data-quantity=\"1\" class=\"button product_type_simple\" data-product_id=\"6059\" data-product_sku=\"6059\" aria-label=\"Read more about &ldquo;Bougie L&#039;Apr\u00e8s-Ski&rdquo;\" rel=\"nofollow\" data-success_message=\"\"><span class=\"ts-tooltip button-tooltip\">Read more<\/span><\/a><\/div><\/div>\t\t\t\n\t\t<\/div>\n\t\t<div class=\"meta-wrapper\">\n\t\t\t<span class=\"gtm4wp_productdata\" style=\"display:none; visibility:hidden;\" data-gtm4wp_product_data=\"{&quot;internal_id&quot;:6059,&quot;item_id&quot;:6059,&quot;item_name&quot;:&quot;Bougie L&#039;Apr\\u00e8s-Ski&quot;,&quot;sku&quot;:&quot;6059&quot;,&quot;price&quot;:47,&quot;stocklevel&quot;:0,&quot;stockstatus&quot;:&quot;outofstock&quot;,&quot;google_business_vertical&quot;:&quot;retail&quot;,&quot;item_category&quot;:&quot;Bougies&quot;,&quot;id&quot;:6059,&quot;productlink&quot;:&quot;https:\\\/\\\/lunaribes.ch\\\/en\\\/produit\\\/bougie-lapres-ski\\\/&quot;,&quot;item_list_name&quot;:&quot;General Product List&quot;,&quot;index&quot;:1,&quot;product_type&quot;:&quot;simple&quot;,&quot;item_brand&quot;:&quot;&quot;}\"><\/span><div class=\"product-categories\"><span>Categories: <\/span><a href=\"https:\/\/lunaribes.ch\/mode\/maison\/bougies\/\" rel=\"tag\">Bougies<\/a><\/div><h3 class=\"heading-title product-name\"><a href=\"https:\/\/lunaribes.ch\/en\/produit\/bougie-lapres-ski\/\">Bougie L&#039;Apr\u00e8s-Ski<\/a><\/h3>\n\t<span class=\"price\"><span class=\"woocommerce-Price-amount amount\"><bdi><span class=\"woocommerce-Price-currencySymbol\">&#67;&#72;&#70;<\/span>&nbsp;47.00<\/bdi><\/span><\/span>\n\t<div class=\"short-description\">\n\t\t\r\ntable tbody td, table thead th, body table.compare-list th {border-color: white;}\r\ntable {margin-top:-25px !important;margin-bottom:5px !important;}\r\n\r\n\r\n\r\n\r\n\r\n\r\n\r\n\r\n\r\n\r\n\r\nM\u00e8che en coton\r\nCire v\u00e9g\u00e9tale\r\nDesign suisse\r\nFait main\r\nCircuit court\r\n\r\n\r\n\r\n&nbsp;\r\n<p class=\"p1\">Une journ\u00e9e de folie! La neige \u00e9tait bonne et le soleil au rendez-vous. Mes amis sont d\u00e9j\u00e0 devant ma porte, l\u2019ap\u00e9ritif est au frais, je vais pr\u00e9parer un bon th\u00e9 chaud \u00e0 la cannelle et \u00e0 l'orange. J\u2019allume des bougies pour l\u2019ambiance, la soir\u00e9e va commencer t\u00f4t aujourd\u2019hui\u2009!<\/p>\t<\/div>\n\t<div class=\"product-sku\"><span>SKU<\/span>6059<\/div><div class=\"product-group-button-meta\"><div class=\"loop-add-to-cart\"><a href=\"https:\/\/lunaribes.ch\/en\/produit\/bougie-lapres-ski\/\" data-quantity=\"1\" class=\"button product_type_simple\" data-product_id=\"6059\" data-product_sku=\"6059\" aria-label=\"Read more about &ldquo;Bougie L&#039;Apr\u00e8s-Ski&rdquo;\" rel=\"nofollow\" data-success_message=\"\"><span class=\"ts-tooltip button-tooltip\">Read more<\/span><\/a><\/div>\t\t<div class=\"button-in wishlist\">\n\t\t\t<a href=\"#\" class=\"ts-add-to-wishlist remove-after-added\" data-id=\"6059\">\n\t\t\t\t<span class=\"ts-tooltip button-tooltip\" data-title=\"Add to wishlist\">Wishlist<\/span>\n\t\t\t<\/a>\n\t\t<\/div>\n\t\t\t\t<div class=\"button-in compare\">\n\t\t\t<a href=\"#\" class=\"ts-add-to-compare\" data-id=\"6059\">\n\t\t\t\t<span class=\"ts-tooltip button-tooltip\" data-title=\"Add to compare\">Compare<\/span>\n\t\t\t<\/a>\n\t\t<\/div>\n\t\t<\/div>\t\t<\/div>\n\t<\/div>\n<\/section><\/div><\/div>\t\t\t\t<\/div>\n\t\t\t\t<\/div>\n\t\t\t\t\t<\/div>\n\t\t<\/div>\n\t\t\t\t<div class=\"elementor-column elementor-col-33 elementor-top-column elementor-element elementor-element-ea76279\" data-id=\"ea76279\" data-element_type=\"column\">\n\t\t\t<div class=\"elementor-widget-wrap elementor-element-populated\">\n\t\t\t\t\t\t<div class=\"elementor-element elementor-element-991c5eb elementor-grid-1 elementor-grid-tablet-3 elementor-grid-mobile-2 elementor-products-grid elementor-wc-products elementor-widget elementor-widget-woocommerce-products\" data-id=\"991c5eb\" data-element_type=\"widget\" data-widget_type=\"woocommerce-products.default\">\n\t\t\t\t<div class=\"elementor-widget-container\">\n\t\t\t\t\t<div class=\"woocommerce columns-1 \"><div class=\"products\"><section class=\"product type-product post-6067 status-publish first outofstock product_cat-bougies-xl product_cat-maison has-post-thumbnail taxable shipping-taxable purchasable product-type-simple\" data-product_id=\"6067\">\n\t<div class=\"product-wrapper\">\n\t\t\t\n\t\t<div class=\"thumbnail-wrapper\">\n\t\t\t<a href=\"https:\/\/lunaribes.ch\/en\/produit\/grande-bougie-lapres-ski\/\">\n\n\t\t\t\t<figure class=\"no-back-image\"><img decoding=\"async\" src=\"https:\/\/lunaribes.ch\/wp-content\/themes\/loobek\/images\/prod_loading.gif\" data-src=\"https:\/\/lunaribes.ch\/wp-content\/uploads\/2021\/12\/Luna-Bougie-ski-600x799.png\" class=\"attachment-shop_catalog wp-post-image ts-lazy-load\" alt=\"\" width=\"600\" height=\"799\" \/><\/figure>\n\t\t\t<\/a>\n\t\t\t\t\t<div class=\"product-label\">\n\t<span class=\"out-of-stock\">En rupture de stock<\/span>\t<\/div>\n\t<div class=\"product-group-button\">\t\t<div class=\"button-in wishlist\">\n\t\t\t<a href=\"#\" class=\"ts-add-to-wishlist remove-after-added\" data-id=\"6067\">\n\t\t\t\t<span class=\"ts-tooltip button-tooltip\" data-title=\"Add to wishlist\">Wishlist<\/span>\n\t\t\t<\/a>\n\t\t<\/div>\n\t\t<div class=\"button-in quickshop\"><a class=\"quickshop\" href=\"#\" data-product_id=\"6067\"><span class=\"ts-tooltip button-tooltip\">Quick view<\/span><\/a><\/div>\t\t<div class=\"button-in compare\">\n\t\t\t<a href=\"#\" class=\"ts-add-to-compare\" data-id=\"6067\">\n\t\t\t\t<span class=\"ts-tooltip button-tooltip\" data-title=\"Add to compare\">Compare<\/span>\n\t\t\t<\/a>\n\t\t<\/div>\n\t\t<div class=\"loop-add-to-cart\"><a href=\"https:\/\/lunaribes.ch\/en\/produit\/grande-bougie-lapres-ski\/\" data-quantity=\"1\" class=\"button product_type_simple\" data-product_id=\"6067\" data-product_sku=\"6067\" aria-label=\"Read more about &ldquo;Bougie L&#039;Apr\u00e8s-Ski&rdquo;\" rel=\"nofollow\" data-success_message=\"\"><span class=\"ts-tooltip button-tooltip\">Read more<\/span><\/a><\/div><\/div>\t\t\t\n\t\t<\/div>\n\t\t<div class=\"meta-wrapper\">\n\t\t\t<span class=\"gtm4wp_productdata\" style=\"display:none; visibility:hidden;\" data-gtm4wp_product_data=\"{&quot;internal_id&quot;:6067,&quot;item_id&quot;:6067,&quot;item_name&quot;:&quot;Bougie L&#039;Apr\\u00e8s-Ski&quot;,&quot;sku&quot;:&quot;6067&quot;,&quot;price&quot;:158,&quot;stocklevel&quot;:0,&quot;stockstatus&quot;:&quot;outofstock&quot;,&quot;google_business_vertical&quot;:&quot;retail&quot;,&quot;item_category&quot;:&quot;Bougies XL&quot;,&quot;id&quot;:6067,&quot;productlink&quot;:&quot;https:\\\/\\\/lunaribes.ch\\\/en\\\/produit\\\/grande-bougie-lapres-ski\\\/&quot;,&quot;item_list_name&quot;:&quot;General Product List&quot;,&quot;index&quot;:1,&quot;product_type&quot;:&quot;simple&quot;,&quot;item_brand&quot;:&quot;&quot;}\"><\/span><div class=\"product-categories\"><span>Categories: <\/span><a href=\"https:\/\/lunaribes.ch\/mode\/maison\/bougies-xl\/\" rel=\"tag\">Bougies XL<\/a>, <a href=\"https:\/\/lunaribes.ch\/mode\/maison\/\" rel=\"tag\">Maison<\/a><\/div><h3 class=\"heading-title product-name\"><a href=\"https:\/\/lunaribes.ch\/en\/produit\/grande-bougie-lapres-ski\/\">Bougie L&#039;Apr\u00e8s-Ski<\/a><\/h3>\n\t<span class=\"price\"><span class=\"woocommerce-Price-amount amount\"><bdi><span class=\"woocommerce-Price-currencySymbol\">&#67;&#72;&#70;<\/span>&nbsp;158.00<\/bdi><\/span><\/span>\n\t<div class=\"short-description\">\n\t\t\r\ntable tbody td, table thead th, body table.compare-list th {border-color: white;}table {margin-top:-25px !important;margin-bottom:5px !important;}\r\n\r\n\r\n\r\n\r\n\r\n\r\n\r\n\r\n\r\n\r\nM\u00e8che en coton\r\nCire v\u00e9g\u00e9tale\r\nDesign suisse\r\nFait main\r\nCircuit court\r\n\r\n\r\n\r\n&nbsp;\r\n<p class=\"p1\"><span class=\"s1\">Une journ\u00e9e de folie! La neige \u00e9tait bonne et le soleil au rendez-vous. <\/span><span class=\"s1\">Mes amis sont d\u00e9j\u00e0 devant ma porte, l\u2019ap\u00e9ritif est au frais, je vais pr\u00e9parer un bon th\u00e9 chaud \u00e0 la fleur de poirier. J\u2019allume des bougies pour l\u2019ambiance, la soir\u00e9e va commencer t\u00f4t aujourd\u2019hui\u2009!<\/span><\/p>\t<\/div>\n\t<div class=\"product-sku\"><span>SKU<\/span>6067<\/div><div class=\"product-group-button-meta\"><div class=\"loop-add-to-cart\"><a href=\"https:\/\/lunaribes.ch\/en\/produit\/grande-bougie-lapres-ski\/\" data-quantity=\"1\" class=\"button product_type_simple\" data-product_id=\"6067\" data-product_sku=\"6067\" aria-label=\"Read more about &ldquo;Bougie L&#039;Apr\u00e8s-Ski&rdquo;\" rel=\"nofollow\" data-success_message=\"\"><span class=\"ts-tooltip button-tooltip\">Read more<\/span><\/a><\/div>\t\t<div class=\"button-in wishlist\">\n\t\t\t<a href=\"#\" class=\"ts-add-to-wishlist remove-after-added\" data-id=\"6067\">\n\t\t\t\t<span class=\"ts-tooltip button-tooltip\" data-title=\"Add to wishlist\">Wishlist<\/span>\n\t\t\t<\/a>\n\t\t<\/div>\n\t\t\t\t<div class=\"button-in compare\">\n\t\t\t<a href=\"#\" class=\"ts-add-to-compare\" data-id=\"6067\">\n\t\t\t\t<span class=\"ts-tooltip button-tooltip\" data-title=\"Add to compare\">Compare<\/span>\n\t\t\t<\/a>\n\t\t<\/div>\n\t\t<\/div>\t\t<\/div>\n\t<\/div>\n<\/section><\/div><\/div>\t\t\t\t<\/div>\n\t\t\t\t<\/div>\n\t\t\t\t\t<\/div>\n\t\t<\/div>\n\t\t\t\t<div class=\"elementor-column elementor-col-33 elementor-top-column elementor-element elementor-element-22f9d47\" data-id=\"22f9d47\" data-element_type=\"column\">\n\t\t\t<div class=\"elementor-widget-wrap elementor-element-populated\">\n\t\t\t\t\t\t<div class=\"elementor-element elementor-element-18f09e5 elementor-grid-1 elementor-grid-tablet-3 elementor-grid-mobile-2 elementor-products-grid elementor-wc-products elementor-widget elementor-widget-woocommerce-products\" data-id=\"18f09e5\" data-element_type=\"widget\" data-widget_type=\"woocommerce-products.default\">\n\t\t\t\t<div class=\"elementor-widget-container\">\n\t\t\t\t\t<div class=\"woocommerce columns-1 \"><div class=\"products\"><section class=\"product type-product post-6056 status-publish first outofstock product_cat-diffuseurs product_cat-maison has-post-thumbnail taxable shipping-taxable purchasable product-type-simple\" data-product_id=\"6056\">\n\t<div class=\"product-wrapper\">\n\t\t\t\n\t\t<div class=\"thumbnail-wrapper\">\n\t\t\t<a href=\"https:\/\/lunaribes.ch\/en\/produit\/diffuseur-apres-ski\/\">\n\n\t\t\t\t<figure class=\"no-back-image\"><img decoding=\"async\" src=\"https:\/\/lunaribes.ch\/wp-content\/themes\/loobek\/images\/prod_loading.gif\" data-src=\"https:\/\/lunaribes.ch\/wp-content\/uploads\/2021\/12\/Diffuseur-et-boite-SKI-FLAT-600x799.png\" class=\"attachment-shop_catalog wp-post-image ts-lazy-load\" alt=\"\" width=\"600\" height=\"799\" \/><\/figure>\n\t\t\t<\/a>\n\t\t\t\t\t<div class=\"product-label\">\n\t<span class=\"out-of-stock\">En rupture de stock<\/span>\t<\/div>\n\t<div class=\"product-group-button\">\t\t<div class=\"button-in wishlist\">\n\t\t\t<a href=\"#\" class=\"ts-add-to-wishlist remove-after-added\" data-id=\"6056\">\n\t\t\t\t<span class=\"ts-tooltip button-tooltip\" data-title=\"Add to wishlist\">Wishlist<\/span>\n\t\t\t<\/a>\n\t\t<\/div>\n\t\t<div class=\"button-in quickshop\"><a class=\"quickshop\" href=\"#\" data-product_id=\"6056\"><span class=\"ts-tooltip button-tooltip\">Quick view<\/span><\/a><\/div>\t\t<div class=\"button-in compare\">\n\t\t\t<a href=\"#\" class=\"ts-add-to-compare\" data-id=\"6056\">\n\t\t\t\t<span class=\"ts-tooltip button-tooltip\" data-title=\"Add to compare\">Compare<\/span>\n\t\t\t<\/a>\n\t\t<\/div>\n\t\t<div class=\"loop-add-to-cart\"><a href=\"https:\/\/lunaribes.ch\/en\/produit\/diffuseur-apres-ski\/\" data-quantity=\"1\" class=\"button product_type_simple\" data-product_id=\"6056\" data-product_sku=\"6056\" aria-label=\"Read more about &ldquo;Diffuseur L&#039;Apr\u00e8s-Ski (Orange, Cannelle)&rdquo;\" rel=\"nofollow\" data-success_message=\"\"><span class=\"ts-tooltip button-tooltip\">Read more<\/span><\/a><\/div><\/div>\t\t\t\n\t\t<\/div>\n\t\t<div class=\"meta-wrapper\">\n\t\t\t<span class=\"gtm4wp_productdata\" style=\"display:none; visibility:hidden;\" data-gtm4wp_product_data=\"{&quot;internal_id&quot;:6056,&quot;item_id&quot;:6056,&quot;item_name&quot;:&quot;Diffuseur L&#039;Apr\\u00e8s-Ski (Orange, Cannelle)&quot;,&quot;sku&quot;:&quot;6056&quot;,&quot;price&quot;:42,&quot;stocklevel&quot;:null,&quot;stockstatus&quot;:&quot;outofstock&quot;,&quot;google_business_vertical&quot;:&quot;retail&quot;,&quot;item_category&quot;:&quot;Diffuseurs&quot;,&quot;id&quot;:6056,&quot;productlink&quot;:&quot;https:\\\/\\\/lunaribes.ch\\\/en\\\/produit\\\/diffuseur-apres-ski\\\/&quot;,&quot;item_list_name&quot;:&quot;General Product List&quot;,&quot;index&quot;:1,&quot;product_type&quot;:&quot;simple&quot;,&quot;item_brand&quot;:&quot;&quot;}\"><\/span><div class=\"product-categories\"><span>Categories: <\/span><a href=\"https:\/\/lunaribes.ch\/mode\/maison\/diffuseurs\/\" rel=\"tag\">Diffuseurs<\/a>, <a href=\"https:\/\/lunaribes.ch\/mode\/maison\/\" rel=\"tag\">Maison<\/a><\/div><h3 class=\"heading-title product-name\"><a href=\"https:\/\/lunaribes.ch\/en\/produit\/diffuseur-apres-ski\/\">Diffuseur L&#039;Apr\u00e8s-Ski (Orange, Cannelle)<\/a><\/h3>\n\t<span class=\"price\"><span class=\"woocommerce-Price-amount amount\"><bdi><span class=\"woocommerce-Price-currencySymbol\">&#67;&#72;&#70;<\/span>&nbsp;42.00<\/bdi><\/span><\/span>\n\t<div class=\"short-description\">\n\t\t\r\ntable tbody td, table thead th, body table.compare-list th {border-color: white;}\r\ntable {margin-top:-25px !important;margin-bottom:5px !important;}\r\n\r\n\r\n\r\n\r\n\r\n\r\n\r\n\r\n\r\nDesign suisse\r\nFait main\r\nCircuit court\r\n\r\n\r\n\r\n&nbsp;\r\n<p class=\"p1\">Une journ\u00e9e de folie! La neige \u00e9tait bonne et le soleil au rendez-vous. Mes amis sont d\u00e9j\u00e0 devant ma porte, l\u2019ap\u00e9ritif est au frais, je vais pr\u00e9parer un bon th\u00e9 est chaud \u00e0 la cannelle et \u00e0 l\u2019orange. J\u2019allume des bougies pour l\u2019ambiance, la soir\u00e9e va commencer t\u00f4t aujourd\u2019hui\u2009!<\/p>\t<\/div>\n\t<div class=\"product-sku\"><span>SKU<\/span>6056<\/div><div class=\"product-group-button-meta\"><div class=\"loop-add-to-cart\"><a href=\"https:\/\/lunaribes.ch\/en\/produit\/diffuseur-apres-ski\/\" data-quantity=\"1\" class=\"button product_type_simple\" data-product_id=\"6056\" data-product_sku=\"6056\" aria-label=\"Read more about &ldquo;Diffuseur L&#039;Apr\u00e8s-Ski (Orange, Cannelle)&rdquo;\" rel=\"nofollow\" data-success_message=\"\"><span class=\"ts-tooltip button-tooltip\">Read more<\/span><\/a><\/div>\t\t<div class=\"button-in wishlist\">\n\t\t\t<a href=\"#\" class=\"ts-add-to-wishlist remove-after-added\" data-id=\"6056\">\n\t\t\t\t<span class=\"ts-tooltip button-tooltip\" data-title=\"Add to wishlist\">Wishlist<\/span>\n\t\t\t<\/a>\n\t\t<\/div>\n\t\t\t\t<div class=\"button-in compare\">\n\t\t\t<a href=\"#\" class=\"ts-add-to-compare\" data-id=\"6056\">\n\t\t\t\t<span class=\"ts-tooltip button-tooltip\" data-title=\"Add to compare\">Compare<\/span>\n\t\t\t<\/a>\n\t\t<\/div>\n\t\t<\/div>\t\t<\/div>\n\t<\/div>\n<\/section><\/div><\/div>\t\t\t\t<\/div>\n\t\t\t\t<\/div>\n\t\t\t\t\t<\/div>\n\t\t<\/div>\n\t\t\t\t\t<\/div>\n\t\t<\/section>\n\t\t\t\t<\/div>\n\t\t","protected":false},"excerpt":{"rendered":"<p>Offre Apr\u00e8s-Ski B\u00e9n\u00e9ficiez d&#8217;un rabais de 10 % sur les bougies et diffuseurs &#8220;Apr\u00e8s-Ski&#8221;.<\/p>\n","protected":false},"author":1,"featured_media":8178,"parent":0,"menu_order":0,"comment_status":"closed","ping_status":"closed","template":"","meta":{"footnotes":""},"class_list":["post-25252","page","type-page","status-publish","has-post-thumbnail","hentry"],"_links":{"self":[{"href":"https:\/\/lunaribes.ch\/en\/wp-json\/wp\/v2\/pages\/25252","targetHints":{"allow":["GET"]}}],"collection":[{"href":"https:\/\/lunaribes.ch\/en\/wp-json\/wp\/v2\/pages"}],"about":[{"href":"https:\/\/lunaribes.ch\/en\/wp-json\/wp\/v2\/types\/page"}],"author":[{"embeddable":true,"href":"https:\/\/lunaribes.ch\/en\/wp-json\/wp\/v2\/users\/1"}],"replies":[{"embeddable":true,"href":"https:\/\/lunaribes.ch\/en\/wp-json\/wp\/v2\/comments?post=25252"}],"version-history":[{"count":0,"href":"https:\/\/lunaribes.ch\/en\/wp-json\/wp\/v2\/pages\/25252\/revisions"}],"wp:featuredmedia":[{"embeddable":true,"href":"https:\/\/lunaribes.ch\/en\/wp-json\/wp\/v2\/media\/8178"}],"wp:attachment":[{"href":"https:\/\/lunaribes.ch\/en\/wp-json\/wp\/v2\/media?parent=25252"}],"curies":[{"name":"wp","href":"https:\/\/api.w.org\/{rel}","templated":true}]}}