{"id":25223,"date":"2019-06-24T15:21:31","date_gmt":"2019-06-24T13:21:31","guid":{"rendered":"https:\/\/lunaribes.ch\/fragrance-diffuser\/"},"modified":"2024-02-23T16:52:38","modified_gmt":"2024-02-23T15:52:38","slug":"fragrance-diffuser","status":"publish","type":"page","link":"https:\/\/lunaribes.ch\/en\/fragrance-diffuser\/","title":{"rendered":"Fragrance diffuser"},"content":{"rendered":"\t\t<div data-elementor-type=\"wp-post\" data-elementor-id=\"25223\" class=\"elementor elementor-25223 elementor-6222\" data-elementor-post-type=\"page\">\n\t\t\t\t\t\t<section class=\"elementor-section elementor-top-section elementor-element elementor-element-7c1b9ab5 elementor-section-full_width elementor-section-stretched elementor-section-height-default elementor-section-height-default\" data-id=\"7c1b9ab5\" data-element_type=\"section\" data-settings=\"{&quot;stretch_section&quot;:&quot;section-stretched&quot;,&quot;background_background&quot;:&quot;slideshow&quot;,&quot;background_slideshow_gallery&quot;:[{&quot;id&quot;:9428,&quot;url&quot;:&quot;https:\\\/\\\/lunaribes.ch\\\/wp-content\\\/uploads\\\/2022\\\/12\\\/LunaRibes-Banner-Diffuseurs-01.jpg&quot;}],&quot;background_slideshow_loop&quot;:&quot;yes&quot;,&quot;background_slideshow_slide_duration&quot;:5000,&quot;background_slideshow_slide_transition&quot;:&quot;fade&quot;,&quot;background_slideshow_transition_duration&quot;:500}\">\n\t\t\t\t\t\t\t<div class=\"elementor-background-overlay\"><\/div>\n\t\t\t\t\t\t\t<div class=\"elementor-container elementor-column-gap-default\">\n\t\t\t\t\t<div class=\"elementor-column elementor-col-100 elementor-top-column elementor-element elementor-element-fefd389\" data-id=\"fefd389\" data-element_type=\"column\">\n\t\t\t<div class=\"elementor-widget-wrap elementor-element-populated\">\n\t\t\t\t\t\t\t<\/div>\n\t\t<\/div>\n\t\t\t\t\t<\/div>\n\t\t<\/section>\n\t\t\t\t<section class=\"elementor-section elementor-top-section elementor-element elementor-element-b5ae46f elementor-section-stretched elementor-section-full_width elementor-section-height-default elementor-section-height-default\" data-id=\"b5ae46f\" data-element_type=\"section\" data-settings=\"{&quot;stretch_section&quot;:&quot;section-stretched&quot;,&quot;background_background&quot;:&quot;classic&quot;}\">\n\t\t\t\t\t\t<div class=\"elementor-container elementor-column-gap-wide\">\n\t\t\t\t\t<div class=\"elementor-column elementor-col-100 elementor-top-column elementor-element elementor-element-323fcac\" data-id=\"323fcac\" data-element_type=\"column\">\n\t\t\t<div class=\"elementor-widget-wrap elementor-element-populated\">\n\t\t\t\t\t\t<div class=\"elementor-element elementor-element-f44ce1e elementor-widget elementor-widget-spacer\" data-id=\"f44ce1e\" data-element_type=\"widget\" data-widget_type=\"spacer.default\">\n\t\t\t\t\t\t\t<div class=\"elementor-spacer\">\n\t\t\t<div class=\"elementor-spacer-inner\"><\/div>\n\t\t<\/div>\n\t\t\t\t\t\t<\/div>\n\t\t\t\t\t<\/div>\n\t\t<\/div>\n\t\t\t\t\t<\/div>\n\t\t<\/section>\n\t\t\t\t<section class=\"elementor-section elementor-top-section elementor-element elementor-element-8614ca6 elementor-section-boxed elementor-section-height-default elementor-section-height-default\" data-id=\"8614ca6\" data-element_type=\"section\">\n\t\t\t\t\t\t<div class=\"elementor-container elementor-column-gap-default\">\n\t\t\t\t\t<div class=\"elementor-column elementor-col-100 elementor-top-column elementor-element elementor-element-52c64a0\" data-id=\"52c64a0\" data-element_type=\"column\">\n\t\t\t<div class=\"elementor-widget-wrap\">\n\t\t\t\t\t\t\t<\/div>\n\t\t<\/div>\n\t\t\t\t\t<\/div>\n\t\t<\/section>\n\t\t\t\t<\/div>\n\t\t","protected":false},"excerpt":{"rendered":"<p>Diffuseur Dolce Vita (Fleur d&#8217;Oranger) CHF42.00 Acheter Diffuseur Feuille de Figuier CHF42.00 Acheter Diffuseur l&#8217;Aliz\u00e9 (Fruits Confits) CHF42.00 Acheter Diffuseur L&#8217;Apr\u00e8s-Ski (Orange, Cannelle) CHF42.00 Acheter Diffuseur La Tub\u00e9reuse (Floral) CHF42.00 Acheter Diffuseur Mille et une Nuits (Oud) CHF42.00 Acheter Diffuseur Nuit Etoil\u00e9e (Menthe) CHF42.00 Acheter Diffuseur Th\u00e9 Blanc CHF42.00 Acheter Voir les BougiesVoir les Grandes [&hellip;]<\/p>\n","protected":false},"author":1,"featured_media":8178,"parent":0,"menu_order":0,"comment_status":"closed","ping_status":"closed","template":"","meta":{"footnotes":""},"class_list":["post-25223","page","type-page","status-publish","has-post-thumbnail","hentry"],"_links":{"self":[{"href":"https:\/\/lunaribes.ch\/en\/wp-json\/wp\/v2\/pages\/25223","targetHints":{"allow":["GET"]}}],"collection":[{"href":"https:\/\/lunaribes.ch\/en\/wp-json\/wp\/v2\/pages"}],"about":[{"href":"https:\/\/lunaribes.ch\/en\/wp-json\/wp\/v2\/types\/page"}],"author":[{"embeddable":true,"href":"https:\/\/lunaribes.ch\/en\/wp-json\/wp\/v2\/users\/1"}],"replies":[{"embeddable":true,"href":"https:\/\/lunaribes.ch\/en\/wp-json\/wp\/v2\/comments?post=25223"}],"version-history":[{"count":0,"href":"https:\/\/lunaribes.ch\/en\/wp-json\/wp\/v2\/pages\/25223\/revisions"}],"wp:featuredmedia":[{"embeddable":true,"href":"https:\/\/lunaribes.ch\/en\/wp-json\/wp\/v2\/media\/8178"}],"wp:attachment":[{"href":"https:\/\/lunaribes.ch\/en\/wp-json\/wp\/v2\/media?parent=25223"}],"curies":[{"name":"wp","href":"https:\/\/api.w.org\/{rel}","templated":true}]}}