{"id":9777,"date":"2023-06-30T09:26:11","date_gmt":"2023-06-30T07:26:11","guid":{"rendered":"https:\/\/lunaribes.ch\/?post_type=product&#038;p=9777"},"modified":"2025-11-03T15:37:56","modified_gmt":"2025-11-03T14:37:56","slug":"collier-de-perles-en-agate-de-feu-03","status":"publish","type":"product","link":"https:\/\/lunaribes.ch\/de\/produit\/collier-de-perles-en-agate-de-feu-03\/","title":{"rendered":"Collier de perles en agate de feu"},"content":{"rendered":"<p class=\"LC20lb MBeuO DKV0Md\">Plaqu\u00e9 or avec zirconias et perles d&#8217;agate de feu.<br \/>\nFermoir en acier inoxydable.<\/p>\n<p><strong>Vertus de l&#8217;agate de feu<br \/>\n<\/strong>L&#8217;agate de feu est souvent associ\u00e9e \u00e0 des vertus d&#8217;\u00e9nergie, de cr\u00e9ativit\u00e9, de confiance en soi, de protection et de stimulation des passions.<\/p>\n","protected":false},"excerpt":{"rendered":"[bijou]\n","protected":false},"featured_media":9757,"comment_status":"closed","ping_status":"closed","template":"","meta":[],"product_brand":[],"product_cat":[94,98],"product_tag":[],"class_list":{"0":"post-9777","1":"product","2":"type-product","3":"status-publish","4":"has-post-thumbnail","6":"product_cat-bijoux","7":"product_cat-colliers","9":"first","10":"outofstock","11":"sold-individually","12":"taxable","13":"shipping-taxable","14":"purchasable","15":"product-type-simple"},"_links":{"self":[{"href":"https:\/\/lunaribes.ch\/de\/wp-json\/wp\/v2\/product\/9777","targetHints":{"allow":["GET"]}}],"collection":[{"href":"https:\/\/lunaribes.ch\/de\/wp-json\/wp\/v2\/product"}],"about":[{"href":"https:\/\/lunaribes.ch\/de\/wp-json\/wp\/v2\/types\/product"}],"replies":[{"embeddable":true,"href":"https:\/\/lunaribes.ch\/de\/wp-json\/wp\/v2\/comments?post=9777"}],"wp:featuredmedia":[{"embeddable":true,"href":"https:\/\/lunaribes.ch\/de\/wp-json\/wp\/v2\/media\/9757"}],"wp:attachment":[{"href":"https:\/\/lunaribes.ch\/de\/wp-json\/wp\/v2\/media?parent=9777"}],"wp:term":[{"taxonomy":"product_brand","embeddable":true,"href":"https:\/\/lunaribes.ch\/de\/wp-json\/wp\/v2\/product_brand?post=9777"},{"taxonomy":"product_cat","embeddable":true,"href":"https:\/\/lunaribes.ch\/de\/wp-json\/wp\/v2\/product_cat?post=9777"},{"taxonomy":"product_tag","embeddable":true,"href":"https:\/\/lunaribes.ch\/de\/wp-json\/wp\/v2\/product_tag?post=9777"}],"curies":[{"name":"wp","href":"https:\/\/api.w.org\/{rel}","templated":true}]}}