{"id":9735,"date":"2023-06-28T15:31:52","date_gmt":"2023-06-28T13:31:52","guid":{"rendered":"https:\/\/lunaribes.ch\/?post_type=product&#038;p=9735"},"modified":"2025-02-20T11:17:19","modified_gmt":"2025-02-20T10:17:19","slug":"collier-de-perles-en-agate-de-feu-02","status":"publish","type":"product","link":"https:\/\/lunaribes.ch\/de\/produit\/collier-de-perles-en-agate-de-feu-02\/","title":{"rendered":"Collier de perles en agate de feu"},"content":{"rendered":"<p class=\"LC20lb MBeuO DKV0Md\">Plaqu\u00e9 or avec perles d&#8217;agate de feu.<br \/>\nFermoir en acier inoxydable.<\/p>\n<p><strong>Vertus de l&#8217;agate de feu<br \/>\n<\/strong>L&#8217;agate de feu est souvent associ\u00e9e \u00e0 des vertus d&#8217;\u00e9nergie, de cr\u00e9ativit\u00e9, de confiance en soi, de protection et de stimulation des passions.<\/p>\n","protected":false},"excerpt":{"rendered":"[bijou]\n","protected":false},"featured_media":9747,"comment_status":"closed","ping_status":"closed","template":"","meta":[],"product_brand":[],"product_cat":[94,98],"product_tag":[],"class_list":{"0":"post-9735","1":"product","2":"type-product","3":"status-publish","4":"has-post-thumbnail","6":"product_cat-bijoux","7":"product_cat-colliers","9":"first","10":"outofstock","11":"sold-individually","12":"taxable","13":"shipping-taxable","14":"purchasable","15":"product-type-simple"},"_links":{"self":[{"href":"https:\/\/lunaribes.ch\/de\/wp-json\/wp\/v2\/product\/9735","targetHints":{"allow":["GET"]}}],"collection":[{"href":"https:\/\/lunaribes.ch\/de\/wp-json\/wp\/v2\/product"}],"about":[{"href":"https:\/\/lunaribes.ch\/de\/wp-json\/wp\/v2\/types\/product"}],"replies":[{"embeddable":true,"href":"https:\/\/lunaribes.ch\/de\/wp-json\/wp\/v2\/comments?post=9735"}],"wp:featuredmedia":[{"embeddable":true,"href":"https:\/\/lunaribes.ch\/de\/wp-json\/wp\/v2\/media\/9747"}],"wp:attachment":[{"href":"https:\/\/lunaribes.ch\/de\/wp-json\/wp\/v2\/media?parent=9735"}],"wp:term":[{"taxonomy":"product_brand","embeddable":true,"href":"https:\/\/lunaribes.ch\/de\/wp-json\/wp\/v2\/product_brand?post=9735"},{"taxonomy":"product_cat","embeddable":true,"href":"https:\/\/lunaribes.ch\/de\/wp-json\/wp\/v2\/product_cat?post=9735"},{"taxonomy":"product_tag","embeddable":true,"href":"https:\/\/lunaribes.ch\/de\/wp-json\/wp\/v2\/product_tag?post=9735"}],"curies":[{"name":"wp","href":"https:\/\/api.w.org\/{rel}","templated":true}]}}