{"id":9732,"date":"2023-06-28T15:28:35","date_gmt":"2023-06-28T13:28:35","guid":{"rendered":"https:\/\/lunaribes.ch\/?post_type=product&#038;p=9732"},"modified":"2025-02-20T11:17:11","modified_gmt":"2025-02-20T10:17:11","slug":"collier-de-perles-deau-douce-et-de-turquoise-avec-pendentif-scarabe","status":"publish","type":"product","link":"https:\/\/lunaribes.ch\/de\/produit\/collier-de-perles-deau-douce-et-de-turquoise-avec-pendentif-scarabe\/","title":{"rendered":"Collier de perles d&#8217;eau douce et de turquoise avec pendentif scarab\u00e9"},"content":{"rendered":"<p class=\"LC20lb MBeuO DKV0Md\">Plaqu\u00e9 or avec zirconias et perles d&#8217;eau douce et de turquoise. Peint \u00e0 la main.<br \/>\nFermoir en acier inoxydable.<\/p>\n<p><strong>Vertus de la turquoise<br \/>\n<\/strong>La turquoise est souvent associ\u00e9e \u00e0 des vertus de protection, d&#8217;\u00e9quilibre \u00e9motionnel, de communication, de gu\u00e9rison physique, ainsi que de bonheur et de chance. Cependant, il est important de noter que ces vertus sont bas\u00e9es sur des croyances populaires et peuvent varier selon les interpr\u00e9tations individuelles.<\/p>\n","protected":false},"excerpt":{"rendered":"[bijou]\n","protected":false},"featured_media":9745,"comment_status":"closed","ping_status":"closed","template":"","meta":[],"product_brand":[],"product_cat":[94,98],"product_tag":[],"class_list":{"0":"post-9732","1":"product","2":"type-product","3":"status-publish","4":"has-post-thumbnail","6":"product_cat-bijoux","7":"product_cat-colliers","9":"first","10":"outofstock","11":"sold-individually","12":"taxable","13":"shipping-taxable","14":"purchasable","15":"product-type-simple"},"_links":{"self":[{"href":"https:\/\/lunaribes.ch\/de\/wp-json\/wp\/v2\/product\/9732","targetHints":{"allow":["GET"]}}],"collection":[{"href":"https:\/\/lunaribes.ch\/de\/wp-json\/wp\/v2\/product"}],"about":[{"href":"https:\/\/lunaribes.ch\/de\/wp-json\/wp\/v2\/types\/product"}],"replies":[{"embeddable":true,"href":"https:\/\/lunaribes.ch\/de\/wp-json\/wp\/v2\/comments?post=9732"}],"wp:featuredmedia":[{"embeddable":true,"href":"https:\/\/lunaribes.ch\/de\/wp-json\/wp\/v2\/media\/9745"}],"wp:attachment":[{"href":"https:\/\/lunaribes.ch\/de\/wp-json\/wp\/v2\/media?parent=9732"}],"wp:term":[{"taxonomy":"product_brand","embeddable":true,"href":"https:\/\/lunaribes.ch\/de\/wp-json\/wp\/v2\/product_brand?post=9732"},{"taxonomy":"product_cat","embeddable":true,"href":"https:\/\/lunaribes.ch\/de\/wp-json\/wp\/v2\/product_cat?post=9732"},{"taxonomy":"product_tag","embeddable":true,"href":"https:\/\/lunaribes.ch\/de\/wp-json\/wp\/v2\/product_tag?post=9732"}],"curies":[{"name":"wp","href":"https:\/\/api.w.org\/{rel}","templated":true}]}}