{"id":9723,"date":"2023-06-28T15:14:54","date_gmt":"2023-06-28T13:14:54","guid":{"rendered":"https:\/\/lunaribes.ch\/?post_type=product&#038;p=9723"},"modified":"2025-11-03T15:37:55","modified_gmt":"2025-11-03T14:37:55","slug":"collier-de-perles-de-jade","status":"publish","type":"product","link":"https:\/\/lunaribes.ch\/de\/produit\/collier-de-perles-de-jade\/","title":{"rendered":"Collier de perles de jade &#8211; Palmier Cactus Poisson"},"content":{"rendered":"<p class=\"LC20lb MBeuO DKV0Md\">Plaqu\u00e9 or avec zirconias et perles en jade.<br \/>\nFermoir en acier inoxydable.<\/p>\n<p><strong>Vertus du jade<\/strong><br \/>\nLa jade est associ\u00e9e \u00e0 des vertus telles que l&#8217;\u00e9quilibre \u00e9motionnel, la s\u00e9r\u00e9nit\u00e9, la protection, l&#8217;\u00e9nergie vitale, l&#8217;\u00e9quilibre et l&#8217;harmonie, la gu\u00e9rison, la sagesse et la clart\u00e9 mentale.<\/p>\n","protected":false},"excerpt":{"rendered":"[bijou]\n","protected":false},"featured_media":9724,"comment_status":"closed","ping_status":"closed","template":"","meta":[],"product_brand":[],"product_cat":[94,98],"product_tag":[],"class_list":{"0":"post-9723","1":"product","2":"type-product","3":"status-publish","4":"has-post-thumbnail","6":"product_cat-bijoux","7":"product_cat-colliers","9":"first","10":"outofstock","11":"sold-individually","12":"taxable","13":"shipping-taxable","14":"purchasable","15":"product-type-simple"},"_links":{"self":[{"href":"https:\/\/lunaribes.ch\/de\/wp-json\/wp\/v2\/product\/9723","targetHints":{"allow":["GET"]}}],"collection":[{"href":"https:\/\/lunaribes.ch\/de\/wp-json\/wp\/v2\/product"}],"about":[{"href":"https:\/\/lunaribes.ch\/de\/wp-json\/wp\/v2\/types\/product"}],"replies":[{"embeddable":true,"href":"https:\/\/lunaribes.ch\/de\/wp-json\/wp\/v2\/comments?post=9723"}],"wp:featuredmedia":[{"embeddable":true,"href":"https:\/\/lunaribes.ch\/de\/wp-json\/wp\/v2\/media\/9724"}],"wp:attachment":[{"href":"https:\/\/lunaribes.ch\/de\/wp-json\/wp\/v2\/media?parent=9723"}],"wp:term":[{"taxonomy":"product_brand","embeddable":true,"href":"https:\/\/lunaribes.ch\/de\/wp-json\/wp\/v2\/product_brand?post=9723"},{"taxonomy":"product_cat","embeddable":true,"href":"https:\/\/lunaribes.ch\/de\/wp-json\/wp\/v2\/product_cat?post=9723"},{"taxonomy":"product_tag","embeddable":true,"href":"https:\/\/lunaribes.ch\/de\/wp-json\/wp\/v2\/product_tag?post=9723"}],"curies":[{"name":"wp","href":"https:\/\/api.w.org\/{rel}","templated":true}]}}