{"id":9681,"date":"2023-06-26T15:30:33","date_gmt":"2023-06-26T13:30:33","guid":{"rendered":"https:\/\/lunaribes.ch\/?post_type=product&#038;p=9681"},"modified":"2025-11-03T15:37:54","modified_gmt":"2025-11-03T14:37:54","slug":"collier-de-perles-en-lapis-lazuli","status":"publish","type":"product","link":"https:\/\/lunaribes.ch\/de\/produit\/collier-de-perles-en-lapis-lazuli\/","title":{"rendered":"Collier de perles en lapis lazuli"},"content":{"rendered":"<p class=\"LC20lb MBeuO DKV0Md\">Plaqu\u00e9 or avec zirconias et perles de lapis lazuli.<br \/>\nFermoir en acier inoxydable.<\/p>\n<p><strong>Vertus du lapis lazulis<br \/>\n<\/strong>Le lapis lazuli est souvent associ\u00e9 \u00e0 des vertus de sagesse, de clart\u00e9 mentale, de communication, de spiritualit\u00e9, d&#8217;\u00e9quilibre \u00e9motionnel et de protection.<\/p>\n","protected":false},"excerpt":{"rendered":"[bijou]\n","protected":false},"featured_media":9659,"comment_status":"closed","ping_status":"closed","template":"","meta":[],"product_brand":[],"product_cat":[94,98],"product_tag":[],"class_list":{"0":"post-9681","1":"product","2":"type-product","3":"status-publish","4":"has-post-thumbnail","6":"product_cat-bijoux","7":"product_cat-colliers","9":"first","10":"outofstock","11":"sold-individually","12":"taxable","13":"shipping-taxable","14":"purchasable","15":"product-type-simple"},"_links":{"self":[{"href":"https:\/\/lunaribes.ch\/de\/wp-json\/wp\/v2\/product\/9681","targetHints":{"allow":["GET"]}}],"collection":[{"href":"https:\/\/lunaribes.ch\/de\/wp-json\/wp\/v2\/product"}],"about":[{"href":"https:\/\/lunaribes.ch\/de\/wp-json\/wp\/v2\/types\/product"}],"replies":[{"embeddable":true,"href":"https:\/\/lunaribes.ch\/de\/wp-json\/wp\/v2\/comments?post=9681"}],"wp:featuredmedia":[{"embeddable":true,"href":"https:\/\/lunaribes.ch\/de\/wp-json\/wp\/v2\/media\/9659"}],"wp:attachment":[{"href":"https:\/\/lunaribes.ch\/de\/wp-json\/wp\/v2\/media?parent=9681"}],"wp:term":[{"taxonomy":"product_brand","embeddable":true,"href":"https:\/\/lunaribes.ch\/de\/wp-json\/wp\/v2\/product_brand?post=9681"},{"taxonomy":"product_cat","embeddable":true,"href":"https:\/\/lunaribes.ch\/de\/wp-json\/wp\/v2\/product_cat?post=9681"},{"taxonomy":"product_tag","embeddable":true,"href":"https:\/\/lunaribes.ch\/de\/wp-json\/wp\/v2\/product_tag?post=9681"}],"curies":[{"name":"wp","href":"https:\/\/api.w.org\/{rel}","templated":true}]}}