{"id":9534,"date":"2023-02-14T12:38:22","date_gmt":"2023-02-14T11:38:22","guid":{"rendered":"https:\/\/lunaribes.ch\/?post_type=product&#038;p=9534"},"modified":"2024-11-22T08:11:59","modified_gmt":"2024-11-22T07:11:59","slug":"foulard-grece-bleu-voile-de-soie","status":"publish","type":"product","link":"https:\/\/lunaribes.ch\/de\/produit\/foulard-grece-bleu-voile-de-soie\/","title":{"rendered":"Foulard Gr\u00e8ce | Bleu | Voile de soie"},"content":{"rendered":"","protected":false},"excerpt":{"rendered":"[foulard]\n<p>Le foulard en voile de soie sur le th\u00e8me de la Gr\u00e8ce est un accessoire de mode \u00e9l\u00e9gant et sophistiqu\u00e9 qui \u00e9voque la beaut\u00e9 de la Gr\u00e8ce antique. Le tissu est doux et soyeux, avec des illustrations de d\u00e9esses grecques et de temples antiques dans des couleurs douces et subtiles. Le foulard est facile \u00e0 porter en toutes circonstances et peut \u00eatre un ajout sophistiqu\u00e9 \u00e0 une tenue de tous les jours.<\/p>\n","protected":false},"featured_media":9522,"comment_status":"closed","ping_status":"closed","template":"","meta":[],"product_brand":[],"product_cat":[79,102],"product_tag":[],"class_list":{"0":"post-9534","1":"product","2":"type-product","3":"status-publish","4":"has-post-thumbnail","6":"product_cat-foulards","7":"product_cat-voile-de-soie","9":"first","10":"instock","11":"taxable","12":"shipping-taxable","13":"purchasable","14":"product-type-simple"},"_links":{"self":[{"href":"https:\/\/lunaribes.ch\/de\/wp-json\/wp\/v2\/product\/9534","targetHints":{"allow":["GET"]}}],"collection":[{"href":"https:\/\/lunaribes.ch\/de\/wp-json\/wp\/v2\/product"}],"about":[{"href":"https:\/\/lunaribes.ch\/de\/wp-json\/wp\/v2\/types\/product"}],"replies":[{"embeddable":true,"href":"https:\/\/lunaribes.ch\/de\/wp-json\/wp\/v2\/comments?post=9534"}],"wp:featuredmedia":[{"embeddable":true,"href":"https:\/\/lunaribes.ch\/de\/wp-json\/wp\/v2\/media\/9522"}],"wp:attachment":[{"href":"https:\/\/lunaribes.ch\/de\/wp-json\/wp\/v2\/media?parent=9534"}],"wp:term":[{"taxonomy":"product_brand","embeddable":true,"href":"https:\/\/lunaribes.ch\/de\/wp-json\/wp\/v2\/product_brand?post=9534"},{"taxonomy":"product_cat","embeddable":true,"href":"https:\/\/lunaribes.ch\/de\/wp-json\/wp\/v2\/product_cat?post=9534"},{"taxonomy":"product_tag","embeddable":true,"href":"https:\/\/lunaribes.ch\/de\/wp-json\/wp\/v2\/product_tag?post=9534"}],"curies":[{"name":"wp","href":"https:\/\/api.w.org\/{rel}","templated":true}]}}