{"id":6047,"date":"2021-12-01T12:49:10","date_gmt":"2021-12-01T11:49:10","guid":{"rendered":"https:\/\/lunaribes.ch\/?post_type=product&#038;p=6047"},"modified":"2024-11-22T07:52:36","modified_gmt":"2024-11-22T06:52:36","slug":"diffuseur-mille-et-une-nuits","status":"publish","type":"product","link":"https:\/\/lunaribes.ch\/de\/produit\/diffuseur-mille-et-une-nuits\/","title":{"rendered":"Diffuseur Mille et une Nuits (Oud)"},"content":{"rendered":"","protected":false},"excerpt":{"rendered":"<style>\ntable tbody td, table thead th, body table.compare-list th {border-color: white;}\ntable {margin-top:-25px !important;margin-bottom:5px !important;}\n<\/style>\n<table style=\"background-color: #ffffff !important;\">\n<tbody>\n<tr>\n<td style=\"padding: 0px 10px 0px 10px;\" align=\"center\"><img decoding=\"async\" class=\"alignnone size-medium wp-image-9459\" role=\"img\" src=\"https:\/\/lunaribes.ch\/wp-content\/uploads\/2023\/01\/icone_DesignSuisse.svg\" alt=\"\" width=\"80\" height=\"80\" \/><\/td>\n<td style=\"padding: 0px 10px 0px 10px;\" align=\"center\"><img decoding=\"async\" class=\"alignnone size-medium wp-image-9461\" role=\"img\" src=\"https:\/\/lunaribes.ch\/wp-content\/uploads\/2023\/01\/icone_FaitMain.svg\" alt=\"\" width=\"80\" height=\"80\" \/><\/td>\n<td style=\"padding: 0px 10px 0px 10px;\" align=\"center\"><img decoding=\"async\" class=\"alignnone size-medium wp-image-9455\" role=\"img\" src=\"https:\/\/lunaribes.ch\/wp-content\/uploads\/2023\/01\/icone_Circuitcourt.svg\" alt=\"\" width=\"80\" height=\"80\" \/><\/td>\n<\/tr>\n<tr>\n<td style=\"color: black; font-size: 0.8em; padding: 0px;\" align=\"center\">Design suisse<\/td>\n<td style=\"color: black; font-size: 0.8em; padding: 0px;\" align=\"center\">Fait main<\/td>\n<td style=\"color: black; font-size: 0.8em; padding: 0px;\" align=\"center\">Circuit court<\/td>\n<\/tr>\n<\/tbody>\n<\/table>\n<p>&nbsp;<\/p>\n<p class=\"p1\">Les motifs de ce tapis me font voyager en Orient, dans un magnifique paysage o\u00f9 je me sens bien. Je voyage sur mon tapis volant et je sens de merveilleuses fragrances telles que le patchouli, l\u2019encens, le cypriol, des parfums bois\u00e9s-ambr\u00e9s. Je ne veux pas sortir de ce r\u00eave, de cette belle parenth\u00e8se odorante.<\/p>\n<p class=\"p3\">\n","protected":false},"featured_media":6048,"comment_status":"closed","ping_status":"closed","template":"","meta":[],"product_brand":[],"product_cat":[144,146],"product_tag":[],"class_list":{"0":"post-6047","1":"product","2":"type-product","3":"status-publish","4":"has-post-thumbnail","6":"product_cat-diffuseurs","7":"product_cat-maison","9":"first","10":"instock","11":"taxable","12":"shipping-taxable","13":"purchasable","14":"product-type-simple"},"_links":{"self":[{"href":"https:\/\/lunaribes.ch\/de\/wp-json\/wp\/v2\/product\/6047","targetHints":{"allow":["GET"]}}],"collection":[{"href":"https:\/\/lunaribes.ch\/de\/wp-json\/wp\/v2\/product"}],"about":[{"href":"https:\/\/lunaribes.ch\/de\/wp-json\/wp\/v2\/types\/product"}],"replies":[{"embeddable":true,"href":"https:\/\/lunaribes.ch\/de\/wp-json\/wp\/v2\/comments?post=6047"}],"wp:featuredmedia":[{"embeddable":true,"href":"https:\/\/lunaribes.ch\/de\/wp-json\/wp\/v2\/media\/6048"}],"wp:attachment":[{"href":"https:\/\/lunaribes.ch\/de\/wp-json\/wp\/v2\/media?parent=6047"}],"wp:term":[{"taxonomy":"product_brand","embeddable":true,"href":"https:\/\/lunaribes.ch\/de\/wp-json\/wp\/v2\/product_brand?post=6047"},{"taxonomy":"product_cat","embeddable":true,"href":"https:\/\/lunaribes.ch\/de\/wp-json\/wp\/v2\/product_cat?post=6047"},{"taxonomy":"product_tag","embeddable":true,"href":"https:\/\/lunaribes.ch\/de\/wp-json\/wp\/v2\/product_tag?post=6047"}],"curies":[{"name":"wp","href":"https:\/\/api.w.org\/{rel}","templated":true}]}}